{"id":42158,"date":"2025-11-26T08:54:33","date_gmt":"2025-11-26T07:54:33","guid":{"rendered":"https:\/\/www.hirtenberg-apotheke.at\/katalog\/produkt\/stuhlversandgefaess-stopfen-plus-loeffel-1-stk\/"},"modified":"2025-11-26T08:54:48","modified_gmt":"2025-11-26T07:54:48","slug":"stuhlversandgefaess-stopfen-plus-loeffel-1-stk","status":"publish","type":"product","link":"https:\/\/www.hirtenberg-apotheke.at\/katalog\/produkt\/stuhlversandgefaess-stopfen-plus-loeffel-1-stk\/","title":{"rendered":"Stuhlversandgef\u00e4\u00df Stopfen plus L\u00f6ffel 1 Stk."},"content":{"rendered":"<p>Eindr&uuml;ckstopfen blau, glasklar, flacher Boden, Eindr&uuml;ckstopfen mit anh&auml;ngendem L&ouml;ffeltr&auml;ger, weitm&uuml;ndiger L&ouml;ffel f&uuml;r bohnengro&szlig;e Proben, montiert <\/p>\n<p>Ma&szlig;e: 8 x 2cm, 20 ml<\/p>\n","protected":false},"excerpt":{"rendered":"<p>Eindr&uuml;ckstopfen blau, glasklar, flacher Boden, Eindr&uuml;ckstopfen mit anh&auml;ngendem L&ouml;ffeltr&auml;ger, weitm&uuml;ndiger L&ouml;ffel f&uuml;r bohnengro&szlig;e Proben, montiert Ma&szlig;e: 8 x 2cm, 20 ml<\/p>\n","protected":false},"featured_media":42160,"template":"","meta":{"_acf_changed":false},"product_brand":[],"product_cat":[303],"product_tag":[],"class_list":{"0":"post-42158","1":"product","2":"type-product","3":"status-publish","4":"has-post-thumbnail","6":"product_cat-s","7":"pa_packungsgroesse-1-stueck","9":"first","10":"instock","11":"shipping-taxable","12":"purchasable","13":"product-type-simple"},"acf":[],"_links":{"self":[{"href":"https:\/\/www.hirtenberg-apotheke.at\/katalog\/wp-json\/wp\/v2\/product\/42158","targetHints":{"allow":["GET"]}}],"collection":[{"href":"https:\/\/www.hirtenberg-apotheke.at\/katalog\/wp-json\/wp\/v2\/product"}],"about":[{"href":"https:\/\/www.hirtenberg-apotheke.at\/katalog\/wp-json\/wp\/v2\/types\/product"}],"wp:featuredmedia":[{"embeddable":true,"href":"https:\/\/www.hirtenberg-apotheke.at\/katalog\/wp-json\/wp\/v2\/media\/42160"}],"wp:attachment":[{"href":"https:\/\/www.hirtenberg-apotheke.at\/katalog\/wp-json\/wp\/v2\/media?parent=42158"}],"wp:term":[{"taxonomy":"product_brand","embeddable":true,"href":"https:\/\/www.hirtenberg-apotheke.at\/katalog\/wp-json\/wp\/v2\/product_brand?post=42158"},{"taxonomy":"product_cat","embeddable":true,"href":"https:\/\/www.hirtenberg-apotheke.at\/katalog\/wp-json\/wp\/v2\/product_cat?post=42158"},{"taxonomy":"product_tag","embeddable":true,"href":"https:\/\/www.hirtenberg-apotheke.at\/katalog\/wp-json\/wp\/v2\/product_tag?post=42158"}],"curies":[{"name":"wp","href":"https:\/\/api.w.org\/{rel}","templated":true}]}}