{"id":42200,"date":"2025-11-26T08:55:11","date_gmt":"2025-11-26T07:55:11","guid":{"rendered":"https:\/\/www.hirtenberg-apotheke.at\/katalog\/produkt\/saenger-waermeflasche-1-stk-orange-2-liter\/"},"modified":"2025-11-26T08:55:33","modified_gmt":"2025-11-26T07:55:33","slug":"saenger-waermeflasche-1-stk-orange-2-liter","status":"publish","type":"product","link":"https:\/\/www.hirtenberg-apotheke.at\/katalog\/produkt\/saenger-waermeflasche-1-stk-orange-2-liter\/","title":{"rendered":"S\u00e4nger W\u00e4rmeflasche 1 Stk. Orange 2 Liter"},"content":{"rendered":"<p>S\u00e4nger W\u00e4rmeflasche ist als ein zusammenh\u00e4ngender K\u00f6rper geformt. Auch das Halsst\u00fcck ist nicht nachtr\u00e4glich eingeklebt, sondern auf einmal geformt, ohne zus\u00e4tzliche Naht. Eine glatte Seite gibt die W\u00e4rme schnell und intensiv ab, eine lamellierte Seite gibt die W\u00e4rme langsam und ergiebig ab. Einseitig mit Lamellen strukturierte W\u00e4rmflaschen bieten beide M\u00f6glichkeiten zugleich.<\/p>\n","protected":false},"excerpt":{"rendered":"<p>S\u00e4nger W\u00e4rmeflasche ist als ein zusammenh\u00e4ngender K\u00f6rper geformt. Auch das Halsst\u00fcck ist nicht nachtr\u00e4glich eingeklebt, sondern auf einmal geformt, ohne zus\u00e4tzliche Naht. Eine glatte Seite gibt die W\u00e4rme schnell und intensiv ab, eine lamellierte Seite gibt die W\u00e4rme langsam und ergiebig ab. Einseitig mit Lamellen strukturierte W\u00e4rmflaschen bieten beide M\u00f6glichkeiten zugleich.<\/p>\n","protected":false},"featured_media":42202,"template":"","meta":{"_acf_changed":false},"product_brand":[],"product_cat":[303],"product_tag":[],"class_list":{"0":"post-42200","1":"product","2":"type-product","3":"status-publish","4":"has-post-thumbnail","6":"product_cat-s","7":"pa_packungsgroesse-1-stueck","9":"first","10":"instock","11":"shipping-taxable","12":"purchasable","13":"product-type-simple"},"acf":[],"_links":{"self":[{"href":"https:\/\/www.hirtenberg-apotheke.at\/katalog\/wp-json\/wp\/v2\/product\/42200","targetHints":{"allow":["GET"]}}],"collection":[{"href":"https:\/\/www.hirtenberg-apotheke.at\/katalog\/wp-json\/wp\/v2\/product"}],"about":[{"href":"https:\/\/www.hirtenberg-apotheke.at\/katalog\/wp-json\/wp\/v2\/types\/product"}],"wp:featuredmedia":[{"embeddable":true,"href":"https:\/\/www.hirtenberg-apotheke.at\/katalog\/wp-json\/wp\/v2\/media\/42202"}],"wp:attachment":[{"href":"https:\/\/www.hirtenberg-apotheke.at\/katalog\/wp-json\/wp\/v2\/media?parent=42200"}],"wp:term":[{"taxonomy":"product_brand","embeddable":true,"href":"https:\/\/www.hirtenberg-apotheke.at\/katalog\/wp-json\/wp\/v2\/product_brand?post=42200"},{"taxonomy":"product_cat","embeddable":true,"href":"https:\/\/www.hirtenberg-apotheke.at\/katalog\/wp-json\/wp\/v2\/product_cat?post=42200"},{"taxonomy":"product_tag","embeddable":true,"href":"https:\/\/www.hirtenberg-apotheke.at\/katalog\/wp-json\/wp\/v2\/product_tag?post=42200"}],"curies":[{"name":"wp","href":"https:\/\/api.w.org\/{rel}","templated":true}]}}