{"id":42400,"date":"2025-11-26T08:58:54","date_gmt":"2025-11-26T07:58:54","guid":{"rendered":"https:\/\/www.hirtenberg-apotheke.at\/katalog\/produkt\/dekas-plus-weichkapseln-60-stk\/"},"modified":"2025-11-26T08:59:05","modified_gmt":"2025-11-26T07:59:05","slug":"dekas-plus-weichkapseln-60-stk","status":"publish","type":"product","link":"https:\/\/www.hirtenberg-apotheke.at\/katalog\/produkt\/dekas-plus-weichkapseln-60-stk\/","title":{"rendered":"Dekas Plus Weichkapseln 60 Stk."},"content":{"rendered":"<p>Dekas Plus Weichkapseln sind Lebensmittel f\u00fcr besondere medizinische Zwecke, welche sich zum Di\u00e4tmanagement bei Patienten mit Mukoviszidose eignen. Das Multivitamin-Mineral-Erg\u00e4nzungspr\u00e4parat enth\u00e4lt h\u00f6here Mengen an fettl\u00f6slichen Vitaminen. Das Produkt basiert auf einer klinisch gepr\u00fcften Freisetzungs-Technologie, die die Aufnahme von fettl\u00f6slichen Vitaminen und N\u00e4hrstoffen verbessern soll.<\/p>\n","protected":false},"excerpt":{"rendered":"<p>Dekas Plus Weichkapseln sind Lebensmittel f\u00fcr besondere medizinische Zwecke, welche sich zum Di\u00e4tmanagement bei Patienten mit Mukoviszidose eignen. Das Multivitamin-Mineral-Erg\u00e4nzungspr\u00e4parat enth\u00e4lt h\u00f6here Mengen an fettl\u00f6slichen Vitaminen. Das Produkt basiert auf einer klinisch gepr\u00fcften Freisetzungs-Technologie, die die Aufnahme von fettl\u00f6slichen Vitaminen und N\u00e4hrstoffen verbessern soll.<\/p>\n","protected":false},"featured_media":42402,"template":"","meta":{"_acf_changed":false},"product_brand":[],"product_cat":[295],"product_tag":[],"class_list":{"0":"post-42400","1":"product","2":"type-product","3":"status-publish","4":"has-post-thumbnail","6":"product_cat-d","7":"pa_packungsgroesse-60-stueck","9":"first","10":"instock","11":"shipping-taxable","12":"purchasable","13":"product-type-simple"},"acf":[],"_links":{"self":[{"href":"https:\/\/www.hirtenberg-apotheke.at\/katalog\/wp-json\/wp\/v2\/product\/42400","targetHints":{"allow":["GET"]}}],"collection":[{"href":"https:\/\/www.hirtenberg-apotheke.at\/katalog\/wp-json\/wp\/v2\/product"}],"about":[{"href":"https:\/\/www.hirtenberg-apotheke.at\/katalog\/wp-json\/wp\/v2\/types\/product"}],"wp:featuredmedia":[{"embeddable":true,"href":"https:\/\/www.hirtenberg-apotheke.at\/katalog\/wp-json\/wp\/v2\/media\/42402"}],"wp:attachment":[{"href":"https:\/\/www.hirtenberg-apotheke.at\/katalog\/wp-json\/wp\/v2\/media?parent=42400"}],"wp:term":[{"taxonomy":"product_brand","embeddable":true,"href":"https:\/\/www.hirtenberg-apotheke.at\/katalog\/wp-json\/wp\/v2\/product_brand?post=42400"},{"taxonomy":"product_cat","embeddable":true,"href":"https:\/\/www.hirtenberg-apotheke.at\/katalog\/wp-json\/wp\/v2\/product_cat?post=42400"},{"taxonomy":"product_tag","embeddable":true,"href":"https:\/\/www.hirtenberg-apotheke.at\/katalog\/wp-json\/wp\/v2\/product_tag?post=42400"}],"curies":[{"name":"wp","href":"https:\/\/api.w.org\/{rel}","templated":true}]}}