{"id":42459,"date":"2025-11-26T09:00:03","date_gmt":"2025-11-26T08:00:03","guid":{"rendered":"https:\/\/www.hirtenberg-apotheke.at\/katalog\/produkt\/nicapur-ester-c-240-kapseln-30-stk\/"},"modified":"2025-11-26T09:00:18","modified_gmt":"2025-11-26T08:00:18","slug":"nicapur-ester-c-240-kapseln-30-stk","status":"publish","type":"product","link":"https:\/\/www.hirtenberg-apotheke.at\/katalog\/produkt\/nicapur-ester-c-240-kapseln-30-stk\/","title":{"rendered":"Nicapur Ester C 240 Kapseln 30 Stk."},"content":{"rendered":"<p>NICApur Kapseln Ester C 240 ist ein Nahrungserg\u00e4nzung mit Vitamin C in einer speziellen nicht-sauren, magenfreundlichen Verbindung (Ester-C), die l\u00e4nger im K\u00f6rper verweilt als gew\u00f6hnliche Ascorbins\u00e4ure. Mit Bioflavonoiden und Traubenkern-OPC.<\/p>\n","protected":false},"excerpt":{"rendered":"<p>NICApur Kapseln Ester C 240 ist ein Nahrungserg\u00e4nzung mit Vitamin C in einer speziellen nicht-sauren, magenfreundlichen Verbindung (Ester-C), die l\u00e4nger im K\u00f6rper verweilt als gew\u00f6hnliche Ascorbins\u00e4ure. Mit Bioflavonoiden und Traubenkern-OPC.<\/p>\n","protected":false},"featured_media":42461,"template":"","meta":{"_acf_changed":false},"product_brand":[309],"product_cat":[310],"product_tag":[],"class_list":{"0":"post-42459","1":"product","2":"type-product","3":"status-publish","4":"has-post-thumbnail","6":"product_brand-nicapur","7":"product_cat-n","8":"pa_packungsgroesse-30-stueck","10":"first","11":"instock","12":"shipping-taxable","13":"purchasable","14":"product-type-simple"},"acf":[],"_links":{"self":[{"href":"https:\/\/www.hirtenberg-apotheke.at\/katalog\/wp-json\/wp\/v2\/product\/42459","targetHints":{"allow":["GET"]}}],"collection":[{"href":"https:\/\/www.hirtenberg-apotheke.at\/katalog\/wp-json\/wp\/v2\/product"}],"about":[{"href":"https:\/\/www.hirtenberg-apotheke.at\/katalog\/wp-json\/wp\/v2\/types\/product"}],"wp:featuredmedia":[{"embeddable":true,"href":"https:\/\/www.hirtenberg-apotheke.at\/katalog\/wp-json\/wp\/v2\/media\/42461"}],"wp:attachment":[{"href":"https:\/\/www.hirtenberg-apotheke.at\/katalog\/wp-json\/wp\/v2\/media?parent=42459"}],"wp:term":[{"taxonomy":"product_brand","embeddable":true,"href":"https:\/\/www.hirtenberg-apotheke.at\/katalog\/wp-json\/wp\/v2\/product_brand?post=42459"},{"taxonomy":"product_cat","embeddable":true,"href":"https:\/\/www.hirtenberg-apotheke.at\/katalog\/wp-json\/wp\/v2\/product_cat?post=42459"},{"taxonomy":"product_tag","embeddable":true,"href":"https:\/\/www.hirtenberg-apotheke.at\/katalog\/wp-json\/wp\/v2\/product_tag?post=42459"}],"curies":[{"name":"wp","href":"https:\/\/api.w.org\/{rel}","templated":true}]}}