{"id":42561,"date":"2025-11-26T09:01:41","date_gmt":"2025-11-26T08:01:41","guid":{"rendered":"https:\/\/www.hirtenberg-apotheke.at\/katalog\/produkt\/optifast-riegel-cappuccino-1-pkg\/"},"modified":"2025-11-26T09:02:18","modified_gmt":"2025-11-26T08:02:18","slug":"optifast-riegel-cappuccino-1-pkg","status":"publish","type":"product","link":"https:\/\/www.hirtenberg-apotheke.at\/katalog\/produkt\/optifast-riegel-cappuccino-1-pkg\/","title":{"rendered":"Optifast Riegel Cappuccino 1 Pkg."},"content":{"rendered":"<p>Die vollwertige Mahlzeit zur Unterst\u00fctzung beim Abnehmen: Mahlzeitersatz mit 233 kcal  eiwei\u00dfreich  reich an Vitaminen und Mineralstoffen  keine Zubereitung erforderlich &#8211; praktisch f\u00fcr unterwegs und hervorragender Geschmack.<\/p>\n","protected":false},"excerpt":{"rendered":"<p>Die vollwertige Mahlzeit zur Unterst\u00fctzung beim Abnehmen: Mahlzeitersatz mit 233 kcal eiwei\u00dfreich reich an Vitaminen und Mineralstoffen keine Zubereitung erforderlich &#8211; praktisch f\u00fcr unterwegs und hervorragender Geschmack.<\/p>\n","protected":false},"featured_media":0,"template":"","meta":{"_acf_changed":false},"product_brand":[1119],"product_cat":[349],"product_tag":[],"class_list":{"0":"post-42561","1":"product","2":"type-product","3":"status-publish","5":"product_brand-optifast","6":"product_cat-o","7":"pa_geschmack-cappuccino","8":"pa_packungsgroesse-1-stueck","10":"first","11":"instock","12":"shipping-taxable","13":"purchasable","14":"product-type-simple"},"acf":[],"_links":{"self":[{"href":"https:\/\/www.hirtenberg-apotheke.at\/katalog\/wp-json\/wp\/v2\/product\/42561","targetHints":{"allow":["GET"]}}],"collection":[{"href":"https:\/\/www.hirtenberg-apotheke.at\/katalog\/wp-json\/wp\/v2\/product"}],"about":[{"href":"https:\/\/www.hirtenberg-apotheke.at\/katalog\/wp-json\/wp\/v2\/types\/product"}],"wp:attachment":[{"href":"https:\/\/www.hirtenberg-apotheke.at\/katalog\/wp-json\/wp\/v2\/media?parent=42561"}],"wp:term":[{"taxonomy":"product_brand","embeddable":true,"href":"https:\/\/www.hirtenberg-apotheke.at\/katalog\/wp-json\/wp\/v2\/product_brand?post=42561"},{"taxonomy":"product_cat","embeddable":true,"href":"https:\/\/www.hirtenberg-apotheke.at\/katalog\/wp-json\/wp\/v2\/product_cat?post=42561"},{"taxonomy":"product_tag","embeddable":true,"href":"https:\/\/www.hirtenberg-apotheke.at\/katalog\/wp-json\/wp\/v2\/product_tag?post=42561"}],"curies":[{"name":"wp","href":"https:\/\/api.w.org\/{rel}","templated":true}]}}