{"id":42582,"date":"2025-11-26T09:02:25","date_gmt":"2025-11-26T08:02:25","guid":{"rendered":"https:\/\/www.hirtenberg-apotheke.at\/katalog\/produkt\/vichy-liftactiv-flexilift-teint-make-up-nr-55-bronze\/"},"modified":"2025-11-26T09:13:31","modified_gmt":"2025-11-26T08:13:31","slug":"vichy-liftactiv-flexilift-teint-make-up-nr-55-bronze","status":"publish","type":"product","link":"https:\/\/www.hirtenberg-apotheke.at\/katalog\/produkt\/vichy-liftactiv-flexilift-teint-make-up-nr-55-bronze\/","title":{"rendered":"Vichy LIFTACTIV Flexilift Teint Make-Up Nr.55 bronze"},"content":{"rendered":"<p>Make-up mit Lifting-Effekt. F\u00fcr Frauen \u00fcber 40, die ein Make-Up mit hautstraffender Wirkung w\u00fcnschen. Hautgl\u00e4ttendes Make-up mit hoher Deckkraft, mildert Falten<\/p>\n","protected":false},"excerpt":{"rendered":"<p>Make-up mit Lifting-Effekt. F\u00fcr Frauen \u00fcber 40, die ein Make-Up mit hautstraffender Wirkung w\u00fcnschen. Hautgl\u00e4ttendes Make-up mit hoher Deckkraft, mildert Falten<\/p>\n","protected":false},"featured_media":42584,"template":"","meta":{"_acf_changed":false},"product_brand":[691],"product_cat":[300],"product_tag":[],"class_list":{"0":"post-42582","1":"product","2":"type-product","3":"status-publish","4":"has-post-thumbnail","6":"product_brand-vichy","7":"product_cat-v","8":"pa_farbe-15-opal","9":"pa_farbe-55-bronze","10":"pa_packungsgroesse-30ml","12":"first","13":"instock","14":"shipping-taxable","15":"purchasable","16":"product-type-simple"},"acf":[],"_links":{"self":[{"href":"https:\/\/www.hirtenberg-apotheke.at\/katalog\/wp-json\/wp\/v2\/product\/42582","targetHints":{"allow":["GET"]}}],"collection":[{"href":"https:\/\/www.hirtenberg-apotheke.at\/katalog\/wp-json\/wp\/v2\/product"}],"about":[{"href":"https:\/\/www.hirtenberg-apotheke.at\/katalog\/wp-json\/wp\/v2\/types\/product"}],"wp:featuredmedia":[{"embeddable":true,"href":"https:\/\/www.hirtenberg-apotheke.at\/katalog\/wp-json\/wp\/v2\/media\/42584"}],"wp:attachment":[{"href":"https:\/\/www.hirtenberg-apotheke.at\/katalog\/wp-json\/wp\/v2\/media?parent=42582"}],"wp:term":[{"taxonomy":"product_brand","embeddable":true,"href":"https:\/\/www.hirtenberg-apotheke.at\/katalog\/wp-json\/wp\/v2\/product_brand?post=42582"},{"taxonomy":"product_cat","embeddable":true,"href":"https:\/\/www.hirtenberg-apotheke.at\/katalog\/wp-json\/wp\/v2\/product_cat?post=42582"},{"taxonomy":"product_tag","embeddable":true,"href":"https:\/\/www.hirtenberg-apotheke.at\/katalog\/wp-json\/wp\/v2\/product_tag?post=42582"}],"curies":[{"name":"wp","href":"https:\/\/api.w.org\/{rel}","templated":true}]}}