{"id":42688,"date":"2025-11-26T09:04:35","date_gmt":"2025-11-26T08:04:35","guid":{"rendered":"https:\/\/www.hirtenberg-apotheke.at\/katalog\/produkt\/dermaplast-active-kinesio-5-cm-x-5-m-blau-1-stk\/"},"modified":"2025-11-26T09:04:42","modified_gmt":"2025-11-26T08:04:42","slug":"dermaplast-active-kinesio-5-cm-x-5-m-blau-1-stk","status":"publish","type":"product","link":"https:\/\/www.hirtenberg-apotheke.at\/katalog\/produkt\/dermaplast-active-kinesio-5-cm-x-5-m-blau-1-stk\/","title":{"rendered":"DermaPlast ACTIVE Kinesio 5 cm x 5 m blau 1 Stk."},"content":{"rendered":"<p>DermaPlast ACTIVE Kinesio in der Farbe blau ist ein therapeutisches Tape, welches selbstklebend, elastisch und mit einer hautfreundlichen Acrylklebeschicht versehen ist. Das Tape ist wasserfest und kann \u00fcber einen l\u00e4ngeren Zeitraum hinweg getragen werden. F\u00fcr die pr\u00e4ventive und akute Behandlung von Sportverletzungen. Wird eingesetzt als St\u00fctzverband an betroffenen Stellen, die w\u00e4hrend des Sports starker Beanspruchung ausgesetzt sind. Abmessung: 5 cm x 5 m..<\/p>\n","protected":false},"excerpt":{"rendered":"<p>DermaPlast ACTIVE Kinesio in der Farbe blau ist ein therapeutisches Tape, welches selbstklebend, elastisch und mit einer hautfreundlichen Acrylklebeschicht versehen ist. Das Tape ist wasserfest und kann \u00fcber einen l\u00e4ngeren Zeitraum hinweg getragen werden. F\u00fcr die pr\u00e4ventive und akute Behandlung von Sportverletzungen. Wird eingesetzt als St\u00fctzverband an betroffenen Stellen, die w\u00e4hrend des Sports starker Beanspruchung [&hellip;]<\/p>\n","protected":false},"featured_media":42690,"template":"","meta":{"_acf_changed":false},"product_brand":[],"product_cat":[295],"product_tag":[],"class_list":{"0":"post-42688","1":"product","2":"type-product","3":"status-publish","4":"has-post-thumbnail","6":"product_cat-d","7":"pa_packungsgroesse-1-stueck","9":"first","10":"instock","11":"shipping-taxable","12":"purchasable","13":"product-type-simple"},"acf":[],"_links":{"self":[{"href":"https:\/\/www.hirtenberg-apotheke.at\/katalog\/wp-json\/wp\/v2\/product\/42688","targetHints":{"allow":["GET"]}}],"collection":[{"href":"https:\/\/www.hirtenberg-apotheke.at\/katalog\/wp-json\/wp\/v2\/product"}],"about":[{"href":"https:\/\/www.hirtenberg-apotheke.at\/katalog\/wp-json\/wp\/v2\/types\/product"}],"wp:featuredmedia":[{"embeddable":true,"href":"https:\/\/www.hirtenberg-apotheke.at\/katalog\/wp-json\/wp\/v2\/media\/42690"}],"wp:attachment":[{"href":"https:\/\/www.hirtenberg-apotheke.at\/katalog\/wp-json\/wp\/v2\/media?parent=42688"}],"wp:term":[{"taxonomy":"product_brand","embeddable":true,"href":"https:\/\/www.hirtenberg-apotheke.at\/katalog\/wp-json\/wp\/v2\/product_brand?post=42688"},{"taxonomy":"product_cat","embeddable":true,"href":"https:\/\/www.hirtenberg-apotheke.at\/katalog\/wp-json\/wp\/v2\/product_cat?post=42688"},{"taxonomy":"product_tag","embeddable":true,"href":"https:\/\/www.hirtenberg-apotheke.at\/katalog\/wp-json\/wp\/v2\/product_tag?post=42688"}],"curies":[{"name":"wp","href":"https:\/\/api.w.org\/{rel}","templated":true}]}}