{"id":42738,"date":"2025-11-26T09:05:06","date_gmt":"2025-11-26T08:05:06","guid":{"rendered":"https:\/\/www.hirtenberg-apotheke.at\/katalog\/produkt\/drapal-loewenzahn-bio-pflanzensaft\/"},"modified":"2025-11-26T09:05:36","modified_gmt":"2025-11-26T08:05:36","slug":"drapal-loewenzahn-bio-pflanzensaft","status":"publish","type":"product","link":"https:\/\/www.hirtenberg-apotheke.at\/katalog\/produkt\/drapal-loewenzahn-bio-pflanzensaft\/","title":{"rendered":"DRAPAL L\u00f6wenzahn bio Pflanzensaft"},"content":{"rendered":"<p>Drapal L\u00f6wenzahn Saft ist zu 100% wirksam und das ganz ohne Chemie. Nat\u00fcrlich ist der Saft auch ohne Konservierungsstoffe, ohne Zuckerzusatz und ohne Alkohol. Reine Natur zum Trinken.<\/p>\n","protected":false},"excerpt":{"rendered":"<p>Drapal L\u00f6wenzahn Saft ist zu 100% wirksam und das ganz ohne Chemie. Nat\u00fcrlich ist der Saft auch ohne Konservierungsstoffe, ohne Zuckerzusatz und ohne Alkohol. Reine Natur zum Trinken.<\/p>\n","protected":false},"featured_media":42740,"template":"","meta":{"_acf_changed":false},"product_brand":[],"product_cat":[295],"product_tag":[],"class_list":{"0":"post-42738","1":"product","2":"type-product","3":"status-publish","4":"has-post-thumbnail","6":"product_cat-d","7":"pa_farbe-braun","8":"pa_geschmack-loewenzahn-bitter","9":"pa_packungsgroesse-200ml","11":"first","12":"instock","13":"shipping-taxable","14":"purchasable","15":"product-type-simple"},"acf":[],"_links":{"self":[{"href":"https:\/\/www.hirtenberg-apotheke.at\/katalog\/wp-json\/wp\/v2\/product\/42738","targetHints":{"allow":["GET"]}}],"collection":[{"href":"https:\/\/www.hirtenberg-apotheke.at\/katalog\/wp-json\/wp\/v2\/product"}],"about":[{"href":"https:\/\/www.hirtenberg-apotheke.at\/katalog\/wp-json\/wp\/v2\/types\/product"}],"wp:featuredmedia":[{"embeddable":true,"href":"https:\/\/www.hirtenberg-apotheke.at\/katalog\/wp-json\/wp\/v2\/media\/42740"}],"wp:attachment":[{"href":"https:\/\/www.hirtenberg-apotheke.at\/katalog\/wp-json\/wp\/v2\/media?parent=42738"}],"wp:term":[{"taxonomy":"product_brand","embeddable":true,"href":"https:\/\/www.hirtenberg-apotheke.at\/katalog\/wp-json\/wp\/v2\/product_brand?post=42738"},{"taxonomy":"product_cat","embeddable":true,"href":"https:\/\/www.hirtenberg-apotheke.at\/katalog\/wp-json\/wp\/v2\/product_cat?post=42738"},{"taxonomy":"product_tag","embeddable":true,"href":"https:\/\/www.hirtenberg-apotheke.at\/katalog\/wp-json\/wp\/v2\/product_tag?post=42738"}],"curies":[{"name":"wp","href":"https:\/\/api.w.org\/{rel}","templated":true}]}}