{"id":42788,"date":"2025-11-26T09:05:55","date_gmt":"2025-11-26T08:05:55","guid":{"rendered":"https:\/\/www.hirtenberg-apotheke.at\/katalog\/produkt\/urofem-sachets-10-stk\/"},"modified":"2025-11-26T09:06:18","modified_gmt":"2025-11-26T08:06:18","slug":"urofem-sachets-10-stk","status":"publish","type":"product","link":"https:\/\/www.hirtenberg-apotheke.at\/katalog\/produkt\/urofem-sachets-10-stk\/","title":{"rendered":"Urofem Sachets 10 Stk."},"content":{"rendered":"<p>Die Urofem Sachets dienen der di\u00e4tetischen Behandlung von akuten und chronischen Harnwegsinfektionen. Sie enthalten Hibiskusextrakt, der das Wachstum sch\u00e4dlicher Bakterien hemmt, D-Mannose, die die Bakterien an der Anheftung hindert und Cranberry, wodurch die Bakterien am Ende leichter aus dem K\u00f6rper ausgeschieden werden k\u00f6nnen. Au\u00dferdem sind die Sachets mit Vitamin C und Vitamin D f\u00fcr einen optimalen Zellschutz angereichert und enthalten weder Gluten noch Laktose.<\/p>\n","protected":false},"excerpt":{"rendered":"<p>Die Urofem Sachets dienen der di\u00e4tetischen Behandlung von akuten und chronischen Harnwegsinfektionen. Sie enthalten Hibiskusextrakt, der das Wachstum sch\u00e4dlicher Bakterien hemmt, D-Mannose, die die Bakterien an der Anheftung hindert und Cranberry, wodurch die Bakterien am Ende leichter aus dem K\u00f6rper ausgeschieden werden k\u00f6nnen. Au\u00dferdem sind die Sachets mit Vitamin C und Vitamin D f\u00fcr einen [&hellip;]<\/p>\n","protected":false},"featured_media":0,"template":"","meta":{"_acf_changed":false},"product_brand":[],"product_cat":[358],"product_tag":[],"class_list":{"0":"post-42788","1":"product","2":"type-product","3":"status-publish","5":"product_cat-u","6":"pa_packungsgroesse-10-stueck","8":"first","9":"instock","10":"shipping-taxable","11":"purchasable","12":"product-type-simple"},"acf":[],"_links":{"self":[{"href":"https:\/\/www.hirtenberg-apotheke.at\/katalog\/wp-json\/wp\/v2\/product\/42788","targetHints":{"allow":["GET"]}}],"collection":[{"href":"https:\/\/www.hirtenberg-apotheke.at\/katalog\/wp-json\/wp\/v2\/product"}],"about":[{"href":"https:\/\/www.hirtenberg-apotheke.at\/katalog\/wp-json\/wp\/v2\/types\/product"}],"wp:attachment":[{"href":"https:\/\/www.hirtenberg-apotheke.at\/katalog\/wp-json\/wp\/v2\/media?parent=42788"}],"wp:term":[{"taxonomy":"product_brand","embeddable":true,"href":"https:\/\/www.hirtenberg-apotheke.at\/katalog\/wp-json\/wp\/v2\/product_brand?post=42788"},{"taxonomy":"product_cat","embeddable":true,"href":"https:\/\/www.hirtenberg-apotheke.at\/katalog\/wp-json\/wp\/v2\/product_cat?post=42788"},{"taxonomy":"product_tag","embeddable":true,"href":"https:\/\/www.hirtenberg-apotheke.at\/katalog\/wp-json\/wp\/v2\/product_tag?post=42788"}],"curies":[{"name":"wp","href":"https:\/\/api.w.org\/{rel}","templated":true}]}}