{"id":42800,"date":"2025-11-26T09:06:23","date_gmt":"2025-11-26T08:06:23","guid":{"rendered":"https:\/\/www.hirtenberg-apotheke.at\/katalog\/produkt\/weizenkleie-grandel-200-g\/"},"modified":"2025-11-26T09:06:32","modified_gmt":"2025-11-26T08:06:32","slug":"weizenkleie-grandel-200-g","status":"publish","type":"product","link":"https:\/\/www.hirtenberg-apotheke.at\/katalog\/produkt\/weizenkleie-grandel-200-g\/","title":{"rendered":"Weizenkleie Grandel 200 g"},"content":{"rendered":"<p>Weizenkleie Grandel tr\u00e4gt zur Erh\u00f6hung des Stuhlvolumens bei! Die in Granolax Weizenkleie enthaltenen Faser- und Quellstoffe vergr\u00f6\u00dfern das Volumen des Darminhalts, wodurch die Darmbewegung angeregt wird. Zus\u00e4tzlich verbessern die enthaltenen Getreide-Schleimstoffe die Gleitf\u00e4higkeit.<\/p>\n","protected":false},"excerpt":{"rendered":"<p>Weizenkleie Grandel tr\u00e4gt zur Erh\u00f6hung des Stuhlvolumens bei! Die in Granolax Weizenkleie enthaltenen Faser- und Quellstoffe vergr\u00f6\u00dfern das Volumen des Darminhalts, wodurch die Darmbewegung angeregt wird. Zus\u00e4tzlich verbessern die enthaltenen Getreide-Schleimstoffe die Gleitf\u00e4higkeit.<\/p>\n","protected":false},"featured_media":0,"template":"","meta":{"_acf_changed":false},"product_brand":[594],"product_cat":[368],"product_tag":[],"class_list":{"0":"post-42800","1":"product","2":"type-product","3":"status-publish","5":"product_brand-dr-grandel","6":"product_cat-w","7":"pa_packungsgroesse-200g","9":"first","10":"instock","11":"shipping-taxable","12":"purchasable","13":"product-type-simple"},"acf":[],"_links":{"self":[{"href":"https:\/\/www.hirtenberg-apotheke.at\/katalog\/wp-json\/wp\/v2\/product\/42800","targetHints":{"allow":["GET"]}}],"collection":[{"href":"https:\/\/www.hirtenberg-apotheke.at\/katalog\/wp-json\/wp\/v2\/product"}],"about":[{"href":"https:\/\/www.hirtenberg-apotheke.at\/katalog\/wp-json\/wp\/v2\/types\/product"}],"wp:attachment":[{"href":"https:\/\/www.hirtenberg-apotheke.at\/katalog\/wp-json\/wp\/v2\/media?parent=42800"}],"wp:term":[{"taxonomy":"product_brand","embeddable":true,"href":"https:\/\/www.hirtenberg-apotheke.at\/katalog\/wp-json\/wp\/v2\/product_brand?post=42800"},{"taxonomy":"product_cat","embeddable":true,"href":"https:\/\/www.hirtenberg-apotheke.at\/katalog\/wp-json\/wp\/v2\/product_cat?post=42800"},{"taxonomy":"product_tag","embeddable":true,"href":"https:\/\/www.hirtenberg-apotheke.at\/katalog\/wp-json\/wp\/v2\/product_tag?post=42800"}],"curies":[{"name":"wp","href":"https:\/\/api.w.org\/{rel}","templated":true}]}}