{"id":42831,"date":"2025-11-26T09:07:08","date_gmt":"2025-11-26T08:07:08","guid":{"rendered":"https:\/\/www.hirtenberg-apotheke.at\/katalog\/produkt\/canal-nagelknipser-vernickelt\/"},"modified":"2025-11-26T09:07:11","modified_gmt":"2025-11-26T08:07:11","slug":"canal-nagelknipser-vernickelt","status":"publish","type":"product","link":"https:\/\/www.hirtenberg-apotheke.at\/katalog\/produkt\/canal-nagelknipser-vernickelt\/","title":{"rendered":"Canal Nagelknipser vernickelt"},"content":{"rendered":"<p>&#8211; Runde Schneidefl\u00e4che f\u00fcr eine optimale Nagelform<\/p>\n<p>&#8211; Glatte Nagelkante ohne nachfeilen<\/p>\n<p>&#8211; Verst\u00e4rkter Korrosionsschutz durch beschichtete Oberfl\u00e4che<\/p>\n<p>L x B x H: 6 x 1,1 x 1,1 cm<\/p>\n<p><strong>Was unterscheidet canal Zwicker von anderen?<\/strong><\/p>\n<p>Jeder canal Nagelknipser zeichnet sich durch genau aufeinander abgestimmte Schneidfl\u00e4chen aus. Beim Schneiden der N\u00e4gel werden die Nagelkanten komplett glatt ohne das ein Nachfeilen notwendig ist. Der Hebel mit gerillter Oberfl\u00e4che sorgt f\u00fcr eine optimale Kraft\u00fcbertragung.<\/p>\n<p><strong>Qualit\u00e4t sp\u00fcren und erleben!<\/strong><\/p>\n","protected":false},"excerpt":{"rendered":"<p>&#8211; Runde Schneidefl\u00e4che f\u00fcr eine optimale Nagelform &#8211; Glatte Nagelkante ohne nachfeilen &#8211; Verst\u00e4rkter Korrosionsschutz durch beschichtete Oberfl\u00e4che L x B x H: 6 x 1,1 x 1,1 cm Was unterscheidet canal Zwicker von anderen? Jeder canal Nagelknipser zeichnet sich durch genau aufeinander abgestimmte Schneidfl\u00e4chen aus. Beim Schneiden der N\u00e4gel werden die Nagelkanten komplett glatt [&hellip;]<\/p>\n","protected":false},"featured_media":42833,"template":"","meta":{"_acf_changed":false},"product_brand":[1123],"product_cat":[337],"product_tag":[],"class_list":{"0":"post-42831","1":"product","2":"type-product","3":"status-publish","4":"has-post-thumbnail","6":"product_brand-canal","7":"product_cat-c","8":"pa_packungsgroesse-1-stueck","10":"first","11":"instock","12":"shipping-taxable","13":"purchasable","14":"product-type-simple"},"acf":[],"_links":{"self":[{"href":"https:\/\/www.hirtenberg-apotheke.at\/katalog\/wp-json\/wp\/v2\/product\/42831","targetHints":{"allow":["GET"]}}],"collection":[{"href":"https:\/\/www.hirtenberg-apotheke.at\/katalog\/wp-json\/wp\/v2\/product"}],"about":[{"href":"https:\/\/www.hirtenberg-apotheke.at\/katalog\/wp-json\/wp\/v2\/types\/product"}],"wp:featuredmedia":[{"embeddable":true,"href":"https:\/\/www.hirtenberg-apotheke.at\/katalog\/wp-json\/wp\/v2\/media\/42833"}],"wp:attachment":[{"href":"https:\/\/www.hirtenberg-apotheke.at\/katalog\/wp-json\/wp\/v2\/media?parent=42831"}],"wp:term":[{"taxonomy":"product_brand","embeddable":true,"href":"https:\/\/www.hirtenberg-apotheke.at\/katalog\/wp-json\/wp\/v2\/product_brand?post=42831"},{"taxonomy":"product_cat","embeddable":true,"href":"https:\/\/www.hirtenberg-apotheke.at\/katalog\/wp-json\/wp\/v2\/product_cat?post=42831"},{"taxonomy":"product_tag","embeddable":true,"href":"https:\/\/www.hirtenberg-apotheke.at\/katalog\/wp-json\/wp\/v2\/product_tag?post=42831"}],"curies":[{"name":"wp","href":"https:\/\/api.w.org\/{rel}","templated":true}]}}