{"id":42904,"date":"2025-11-26T09:08:30","date_gmt":"2025-11-26T08:08:30","guid":{"rendered":"https:\/\/www.hirtenberg-apotheke.at\/katalog\/produkt\/taky-spike-plus-gruen-1-stk\/"},"modified":"2025-11-26T09:08:31","modified_gmt":"2025-11-26T08:08:31","slug":"taky-spike-plus-gruen-1-stk","status":"publish","type":"product","link":"https:\/\/www.hirtenberg-apotheke.at\/katalog\/produkt\/taky-spike-plus-gruen-1-stk\/","title":{"rendered":"Taky Spike Plus Gr\u00fcn 1 Stk."},"content":{"rendered":"<p>Taky Spike Plus Gr\u00fcn ist eine Entnahmekan\u00fcle f\u00fcr die Mehrfachentnahme aus Vorratsflaschen und zum Zuspritzen, sicher und handlich.<\/p>\n","protected":false},"excerpt":{"rendered":"<p>Taky Spike Plus Gr\u00fcn ist eine Entnahmekan\u00fcle f\u00fcr die Mehrfachentnahme aus Vorratsflaschen und zum Zuspritzen, sicher und handlich.<\/p>\n","protected":false},"featured_media":0,"template":"","meta":{"_acf_changed":false},"product_brand":[],"product_cat":[319],"product_tag":[],"class_list":{"0":"post-42904","1":"product","2":"type-product","3":"status-publish","5":"product_cat-t","6":"pa_packungsgroesse-1-stueck","8":"first","9":"instock","10":"shipping-taxable","11":"purchasable","12":"product-type-simple"},"acf":[],"_links":{"self":[{"href":"https:\/\/www.hirtenberg-apotheke.at\/katalog\/wp-json\/wp\/v2\/product\/42904","targetHints":{"allow":["GET"]}}],"collection":[{"href":"https:\/\/www.hirtenberg-apotheke.at\/katalog\/wp-json\/wp\/v2\/product"}],"about":[{"href":"https:\/\/www.hirtenberg-apotheke.at\/katalog\/wp-json\/wp\/v2\/types\/product"}],"wp:attachment":[{"href":"https:\/\/www.hirtenberg-apotheke.at\/katalog\/wp-json\/wp\/v2\/media?parent=42904"}],"wp:term":[{"taxonomy":"product_brand","embeddable":true,"href":"https:\/\/www.hirtenberg-apotheke.at\/katalog\/wp-json\/wp\/v2\/product_brand?post=42904"},{"taxonomy":"product_cat","embeddable":true,"href":"https:\/\/www.hirtenberg-apotheke.at\/katalog\/wp-json\/wp\/v2\/product_cat?post=42904"},{"taxonomy":"product_tag","embeddable":true,"href":"https:\/\/www.hirtenberg-apotheke.at\/katalog\/wp-json\/wp\/v2\/product_tag?post=42904"}],"curies":[{"name":"wp","href":"https:\/\/api.w.org\/{rel}","templated":true}]}}