{"id":42917,"date":"2025-11-26T09:08:30","date_gmt":"2025-11-26T08:08:30","guid":{"rendered":"https:\/\/www.hirtenberg-apotheke.at\/katalog\/produkt\/aterobasic-kapseln-30-stk\/"},"modified":"2025-11-26T09:08:53","modified_gmt":"2025-11-26T08:08:53","slug":"aterobasic-kapseln-30-stk","status":"publish","type":"product","link":"https:\/\/www.hirtenberg-apotheke.at\/katalog\/produkt\/aterobasic-kapseln-30-stk\/","title":{"rendered":"Aterobasic Kapseln 30 Stk."},"content":{"rendered":"<p>Aterobasic Kapseln 30 Stk. ist ein ist ein Nahrungserg\u00e4nzungsmittel mit 3 exklusiven Lactobacillus plantarum St\u00e4mmen und Vitamin B1 zur Unterst\u00fctzung der Herzgesundheit. Vitamin B1 (Thiamin) tr\u00e4gt zur normalen Herzfunktion bei. In jeder Kapsel sind 3 Bakterienst\u00e4mme (Lactobacillus plantarum CECT 7527, CECT 7528, CECT 7529) mit mind. einer Milliarde (1,2 x 109 CFU) Keimen sowie 0,22 mg Vitamin B1 (Thiamin) enthalten..<\/p>\n","protected":false},"excerpt":{"rendered":"<p>Aterobasic Kapseln 30 Stk. ist ein ist ein Nahrungserg\u00e4nzungsmittel mit 3 exklusiven Lactobacillus plantarum St\u00e4mmen und Vitamin B1 zur Unterst\u00fctzung der Herzgesundheit. Vitamin B1 (Thiamin) tr\u00e4gt zur normalen Herzfunktion bei. In jeder Kapsel sind 3 Bakterienst\u00e4mme (Lactobacillus plantarum CECT 7527, CECT 7528, CECT 7529) mit mind. einer Milliarde (1,2 x 109 CFU) Keimen sowie 0,22 [&hellip;]<\/p>\n","protected":false},"featured_media":42919,"template":"","meta":{"_acf_changed":false},"product_brand":[],"product_cat":[299],"product_tag":[],"class_list":{"0":"post-42917","1":"product","2":"type-product","3":"status-publish","4":"has-post-thumbnail","6":"product_cat-a","7":"pa_packungsgroesse-30-stueck","9":"first","10":"instock","11":"shipping-taxable","12":"purchasable","13":"product-type-simple"},"acf":[],"_links":{"self":[{"href":"https:\/\/www.hirtenberg-apotheke.at\/katalog\/wp-json\/wp\/v2\/product\/42917","targetHints":{"allow":["GET"]}}],"collection":[{"href":"https:\/\/www.hirtenberg-apotheke.at\/katalog\/wp-json\/wp\/v2\/product"}],"about":[{"href":"https:\/\/www.hirtenberg-apotheke.at\/katalog\/wp-json\/wp\/v2\/types\/product"}],"wp:featuredmedia":[{"embeddable":true,"href":"https:\/\/www.hirtenberg-apotheke.at\/katalog\/wp-json\/wp\/v2\/media\/42919"}],"wp:attachment":[{"href":"https:\/\/www.hirtenberg-apotheke.at\/katalog\/wp-json\/wp\/v2\/media?parent=42917"}],"wp:term":[{"taxonomy":"product_brand","embeddable":true,"href":"https:\/\/www.hirtenberg-apotheke.at\/katalog\/wp-json\/wp\/v2\/product_brand?post=42917"},{"taxonomy":"product_cat","embeddable":true,"href":"https:\/\/www.hirtenberg-apotheke.at\/katalog\/wp-json\/wp\/v2\/product_cat?post=42917"},{"taxonomy":"product_tag","embeddable":true,"href":"https:\/\/www.hirtenberg-apotheke.at\/katalog\/wp-json\/wp\/v2\/product_tag?post=42917"}],"curies":[{"name":"wp","href":"https:\/\/api.w.org\/{rel}","templated":true}]}}