{"id":43035,"date":"2025-11-26T09:10:33","date_gmt":"2025-11-26T08:10:33","guid":{"rendered":"https:\/\/www.hirtenberg-apotheke.at\/katalog\/produkt\/homedi-kind-erkaeltungsbad-100-ml\/"},"modified":"2025-11-26T09:10:59","modified_gmt":"2025-11-26T08:10:59","slug":"homedi-kind-erkaeltungsbad-100-ml","status":"publish","type":"product","link":"https:\/\/www.hirtenberg-apotheke.at\/katalog\/produkt\/homedi-kind-erkaeltungsbad-100-ml\/","title":{"rendered":"Homedi-Kind Erk\u00e4ltungsbad 100 ml"},"content":{"rendered":"<p>Homedi-Kind\u00ae Erk\u00e4ltungsbad ist ideal f\u00fcr ein erholsames und pflegendes Bad geeignet. Wohltuende \u00e4therische \u00d6le befreien und entspannen zugleich. F\u00fcr Kinder und Erwachsene hervorragend geeignet.<\/p>\n","protected":false},"excerpt":{"rendered":"<p>Homedi-Kind\u00ae Erk\u00e4ltungsbad ist ideal f\u00fcr ein erholsames und pflegendes Bad geeignet. Wohltuende \u00e4therische \u00d6le befreien und entspannen zugleich. F\u00fcr Kinder und Erwachsene hervorragend geeignet.<\/p>\n","protected":false},"featured_media":43037,"template":"","meta":{"_acf_changed":false},"product_brand":[],"product_cat":[330],"product_tag":[],"class_list":{"0":"post-43035","1":"product","2":"type-product","3":"status-publish","4":"has-post-thumbnail","6":"product_cat-h","7":"pa_packungsgroesse-100ml","9":"first","10":"instock","11":"shipping-taxable","12":"purchasable","13":"product-type-simple"},"acf":[],"_links":{"self":[{"href":"https:\/\/www.hirtenberg-apotheke.at\/katalog\/wp-json\/wp\/v2\/product\/43035","targetHints":{"allow":["GET"]}}],"collection":[{"href":"https:\/\/www.hirtenberg-apotheke.at\/katalog\/wp-json\/wp\/v2\/product"}],"about":[{"href":"https:\/\/www.hirtenberg-apotheke.at\/katalog\/wp-json\/wp\/v2\/types\/product"}],"wp:featuredmedia":[{"embeddable":true,"href":"https:\/\/www.hirtenberg-apotheke.at\/katalog\/wp-json\/wp\/v2\/media\/43037"}],"wp:attachment":[{"href":"https:\/\/www.hirtenberg-apotheke.at\/katalog\/wp-json\/wp\/v2\/media?parent=43035"}],"wp:term":[{"taxonomy":"product_brand","embeddable":true,"href":"https:\/\/www.hirtenberg-apotheke.at\/katalog\/wp-json\/wp\/v2\/product_brand?post=43035"},{"taxonomy":"product_cat","embeddable":true,"href":"https:\/\/www.hirtenberg-apotheke.at\/katalog\/wp-json\/wp\/v2\/product_cat?post=43035"},{"taxonomy":"product_tag","embeddable":true,"href":"https:\/\/www.hirtenberg-apotheke.at\/katalog\/wp-json\/wp\/v2\/product_tag?post=43035"}],"curies":[{"name":"wp","href":"https:\/\/api.w.org\/{rel}","templated":true}]}}