{"id":43096,"date":"2025-11-26T09:11:08","date_gmt":"2025-11-26T08:11:08","guid":{"rendered":"https:\/\/www.hirtenberg-apotheke.at\/katalog\/produkt\/drapal-weiza-oel-200-ml\/"},"modified":"2025-11-26T09:12:09","modified_gmt":"2025-11-26T08:12:09","slug":"drapal-weiza-oel-200-ml","status":"publish","type":"product","link":"https:\/\/www.hirtenberg-apotheke.at\/katalog\/produkt\/drapal-weiza-oel-200-ml\/","title":{"rendered":"Drapal Weiza \u00d6l 200 ml"},"content":{"rendered":"<p>Drapal Weiza \u00d6l ist besonders reich an nat\u00fcrlichem Vitamin E. Zu diesem kalt-gepressten \u00d6l bekommen Sie so Genuss mit Vitamin E und Lecithin in Einem<\/p>\n","protected":false},"excerpt":{"rendered":"<p>Drapal Weiza \u00d6l ist besonders reich an nat\u00fcrlichem Vitamin E. Zu diesem kalt-gepressten \u00d6l bekommen Sie so Genuss mit Vitamin E und Lecithin in Einem<\/p>\n","protected":false},"featured_media":0,"template":"","meta":{"_acf_changed":false},"product_brand":[],"product_cat":[295],"product_tag":[],"class_list":{"0":"post-43096","1":"product","2":"type-product","3":"status-publish","5":"product_cat-d","6":"pa_farbe-gelb","7":"pa_geschmack-nussig","8":"pa_packungsgroesse-200ml","10":"first","11":"instock","12":"shipping-taxable","13":"purchasable","14":"product-type-simple"},"acf":[],"_links":{"self":[{"href":"https:\/\/www.hirtenberg-apotheke.at\/katalog\/wp-json\/wp\/v2\/product\/43096","targetHints":{"allow":["GET"]}}],"collection":[{"href":"https:\/\/www.hirtenberg-apotheke.at\/katalog\/wp-json\/wp\/v2\/product"}],"about":[{"href":"https:\/\/www.hirtenberg-apotheke.at\/katalog\/wp-json\/wp\/v2\/types\/product"}],"wp:attachment":[{"href":"https:\/\/www.hirtenberg-apotheke.at\/katalog\/wp-json\/wp\/v2\/media?parent=43096"}],"wp:term":[{"taxonomy":"product_brand","embeddable":true,"href":"https:\/\/www.hirtenberg-apotheke.at\/katalog\/wp-json\/wp\/v2\/product_brand?post=43096"},{"taxonomy":"product_cat","embeddable":true,"href":"https:\/\/www.hirtenberg-apotheke.at\/katalog\/wp-json\/wp\/v2\/product_cat?post=43096"},{"taxonomy":"product_tag","embeddable":true,"href":"https:\/\/www.hirtenberg-apotheke.at\/katalog\/wp-json\/wp\/v2\/product_tag?post=43096"}],"curies":[{"name":"wp","href":"https:\/\/api.w.org\/{rel}","templated":true}]}}