{"id":43132,"date":"2025-11-26T09:12:33","date_gmt":"2025-11-26T08:12:33","guid":{"rendered":"https:\/\/www.hirtenberg-apotheke.at\/katalog\/produkt\/dr-muches-ingwertropfen-20-ml\/"},"modified":"2025-11-26T09:12:39","modified_gmt":"2025-11-26T08:12:39","slug":"dr-muches-ingwertropfen-20-ml","status":"publish","type":"product","link":"https:\/\/www.hirtenberg-apotheke.at\/katalog\/produkt\/dr-muches-ingwertropfen-20-ml\/","title":{"rendered":"Dr. Muches Ingwertropfen 20 ml"},"content":{"rendered":"<p>Dr. Muches Ingwertropfen schenken Ihnen neue Kraft und Vitalit\u00e4t und geben dazu W\u00e4rme von Innen. Die Tropfen sich beispielsweise als Magenbitter nach dem Essen und wirken wohltuend f\u00fcr Magen und Darm.<\/p>\n","protected":false},"excerpt":{"rendered":"<p>Dr. Muches Ingwertropfen schenken Ihnen neue Kraft und Vitalit\u00e4t und geben dazu W\u00e4rme von Innen. Die Tropfen sich beispielsweise als Magenbitter nach dem Essen und wirken wohltuend f\u00fcr Magen und Darm.<\/p>\n","protected":false},"featured_media":0,"template":"","meta":{"_acf_changed":false},"product_brand":[],"product_cat":[295],"product_tag":[],"class_list":{"0":"post-43132","1":"product","2":"type-product","3":"status-publish","5":"product_cat-d","6":"pa_packungsgroesse-20ml","8":"first","9":"instock","10":"shipping-taxable","11":"purchasable","12":"product-type-simple"},"acf":[],"_links":{"self":[{"href":"https:\/\/www.hirtenberg-apotheke.at\/katalog\/wp-json\/wp\/v2\/product\/43132","targetHints":{"allow":["GET"]}}],"collection":[{"href":"https:\/\/www.hirtenberg-apotheke.at\/katalog\/wp-json\/wp\/v2\/product"}],"about":[{"href":"https:\/\/www.hirtenberg-apotheke.at\/katalog\/wp-json\/wp\/v2\/types\/product"}],"wp:attachment":[{"href":"https:\/\/www.hirtenberg-apotheke.at\/katalog\/wp-json\/wp\/v2\/media?parent=43132"}],"wp:term":[{"taxonomy":"product_brand","embeddable":true,"href":"https:\/\/www.hirtenberg-apotheke.at\/katalog\/wp-json\/wp\/v2\/product_brand?post=43132"},{"taxonomy":"product_cat","embeddable":true,"href":"https:\/\/www.hirtenberg-apotheke.at\/katalog\/wp-json\/wp\/v2\/product_cat?post=43132"},{"taxonomy":"product_tag","embeddable":true,"href":"https:\/\/www.hirtenberg-apotheke.at\/katalog\/wp-json\/wp\/v2\/product_tag?post=43132"}],"curies":[{"name":"wp","href":"https:\/\/api.w.org\/{rel}","templated":true}]}}