{"id":43154,"date":"2025-11-26T09:12:33","date_gmt":"2025-11-26T08:12:33","guid":{"rendered":"https:\/\/www.hirtenberg-apotheke.at\/katalog\/produkt\/nagelknipser-inox-nagelfeile-doskar-1-stk\/"},"modified":"2025-11-26T09:12:57","modified_gmt":"2025-11-26T08:12:57","slug":"nagelknipser-inox-nagelfeile-doskar-1-stk","status":"publish","type":"product","link":"https:\/\/www.hirtenberg-apotheke.at\/katalog\/produkt\/nagelknipser-inox-nagelfeile-doskar-1-stk\/","title":{"rendered":"Nagelknipser Inox Nagelfeile Doskar 1 Stk."},"content":{"rendered":"<p>Victorinox Nagelknipser mit Nagelfeile zeichnet sich durch seine einfache Handhabung aus und findet mit einer Gesamtl\u00e4nge von 6 cm Platz in jeder Tasche. Der Knipser besteht aus erstklassigem Stahl, ist rostfrei und f\u00fcr die hochwertige Verarbeitung bekannt. Auch als Schl\u00fcsselanh\u00e4nger anwendbar.<\/p>\n","protected":false},"excerpt":{"rendered":"<p>Victorinox Nagelknipser mit Nagelfeile zeichnet sich durch seine einfache Handhabung aus und findet mit einer Gesamtl\u00e4nge von 6 cm Platz in jeder Tasche. Der Knipser besteht aus erstklassigem Stahl, ist rostfrei und f\u00fcr die hochwertige Verarbeitung bekannt. Auch als Schl\u00fcsselanh\u00e4nger anwendbar.<\/p>\n","protected":false},"featured_media":0,"template":"","meta":{"_acf_changed":false},"product_brand":[],"product_cat":[310],"product_tag":[],"class_list":{"0":"post-43154","1":"product","2":"type-product","3":"status-publish","5":"product_cat-n","6":"pa_packungsgroesse-1-stueck","8":"first","9":"instock","10":"shipping-taxable","11":"purchasable","12":"product-type-simple"},"acf":[],"_links":{"self":[{"href":"https:\/\/www.hirtenberg-apotheke.at\/katalog\/wp-json\/wp\/v2\/product\/43154","targetHints":{"allow":["GET"]}}],"collection":[{"href":"https:\/\/www.hirtenberg-apotheke.at\/katalog\/wp-json\/wp\/v2\/product"}],"about":[{"href":"https:\/\/www.hirtenberg-apotheke.at\/katalog\/wp-json\/wp\/v2\/types\/product"}],"wp:attachment":[{"href":"https:\/\/www.hirtenberg-apotheke.at\/katalog\/wp-json\/wp\/v2\/media?parent=43154"}],"wp:term":[{"taxonomy":"product_brand","embeddable":true,"href":"https:\/\/www.hirtenberg-apotheke.at\/katalog\/wp-json\/wp\/v2\/product_brand?post=43154"},{"taxonomy":"product_cat","embeddable":true,"href":"https:\/\/www.hirtenberg-apotheke.at\/katalog\/wp-json\/wp\/v2\/product_cat?post=43154"},{"taxonomy":"product_tag","embeddable":true,"href":"https:\/\/www.hirtenberg-apotheke.at\/katalog\/wp-json\/wp\/v2\/product_tag?post=43154"}],"curies":[{"name":"wp","href":"https:\/\/api.w.org\/{rel}","templated":true}]}}