{"id":43198,"date":"2025-11-26T09:13:37","date_gmt":"2025-11-26T08:13:37","guid":{"rendered":"https:\/\/www.hirtenberg-apotheke.at\/katalog\/produkt\/dermasel-salbe-schuppenflechte\/"},"modified":"2025-11-26T09:13:45","modified_gmt":"2025-11-26T08:13:45","slug":"dermasel-salbe-schuppenflechte","status":"publish","type":"product","link":"https:\/\/www.hirtenberg-apotheke.at\/katalog\/produkt\/dermasel-salbe-schuppenflechte\/","title":{"rendered":"DermaSel Salbe Schuppenflechte"},"content":{"rendered":"<p>DermaSel Therapie SCHUPPENFLECHTE SALBE ist ein Medizinprodukt mit Totes Meer Salz und Totes Meer Magnesiumchlorid zur Behandlung und Linderung der typischen Symptome bei trockener, ger\u00f6teter und zu vermehrter Schuppenbildung neigender Haut (z.B. bei Psoriasis vulgaris). Es f\u00f6rdert den Abschuppungsprozess und reduziert schuppen- und trockenheitsbedingte R\u00f6tungen.<\/p>\n","protected":false},"excerpt":{"rendered":"<p>DermaSel Therapie SCHUPPENFLECHTE SALBE ist ein Medizinprodukt mit Totes Meer Salz und Totes Meer Magnesiumchlorid zur Behandlung und Linderung der typischen Symptome bei trockener, ger\u00f6teter und zu vermehrter Schuppenbildung neigender Haut (z.B. bei Psoriasis vulgaris). Es f\u00f6rdert den Abschuppungsprozess und reduziert schuppen- und trockenheitsbedingte R\u00f6tungen.<\/p>\n","protected":false},"featured_media":43200,"template":"","meta":{"_acf_changed":false},"product_brand":[700],"product_cat":[295],"product_tag":[],"class_list":{"0":"post-43198","1":"product","2":"type-product","3":"status-publish","4":"has-post-thumbnail","6":"product_brand-dermasel","7":"product_cat-d","8":"pa_packungsgroesse-75ml","10":"first","11":"instock","12":"shipping-taxable","13":"purchasable","14":"product-type-simple"},"acf":[],"_links":{"self":[{"href":"https:\/\/www.hirtenberg-apotheke.at\/katalog\/wp-json\/wp\/v2\/product\/43198","targetHints":{"allow":["GET"]}}],"collection":[{"href":"https:\/\/www.hirtenberg-apotheke.at\/katalog\/wp-json\/wp\/v2\/product"}],"about":[{"href":"https:\/\/www.hirtenberg-apotheke.at\/katalog\/wp-json\/wp\/v2\/types\/product"}],"wp:featuredmedia":[{"embeddable":true,"href":"https:\/\/www.hirtenberg-apotheke.at\/katalog\/wp-json\/wp\/v2\/media\/43200"}],"wp:attachment":[{"href":"https:\/\/www.hirtenberg-apotheke.at\/katalog\/wp-json\/wp\/v2\/media?parent=43198"}],"wp:term":[{"taxonomy":"product_brand","embeddable":true,"href":"https:\/\/www.hirtenberg-apotheke.at\/katalog\/wp-json\/wp\/v2\/product_brand?post=43198"},{"taxonomy":"product_cat","embeddable":true,"href":"https:\/\/www.hirtenberg-apotheke.at\/katalog\/wp-json\/wp\/v2\/product_cat?post=43198"},{"taxonomy":"product_tag","embeddable":true,"href":"https:\/\/www.hirtenberg-apotheke.at\/katalog\/wp-json\/wp\/v2\/product_tag?post=43198"}],"curies":[{"name":"wp","href":"https:\/\/api.w.org\/{rel}","templated":true}]}}