{"id":43234,"date":"2025-11-26T09:14:07","date_gmt":"2025-11-26T08:14:07","guid":{"rendered":"https:\/\/www.hirtenberg-apotheke.at\/katalog\/produkt\/la-roche-posay-toleriane-teint-fresh-make-up-03-sand-30-ml\/"},"modified":"2025-11-26T10:04:19","modified_gmt":"2025-11-26T09:04:19","slug":"la-roche-posay-toleriane-teint-fresh-make-up-03-sand-30-ml","status":"publish","type":"product","link":"https:\/\/www.hirtenberg-apotheke.at\/katalog\/produkt\/la-roche-posay-toleriane-teint-fresh-make-up-03-sand-30-ml\/","title":{"rendered":"La Roche-Posay Toleriane Teint Fresh Make-Up 03 Sand 30 ml"},"content":{"rendered":"<p>F\u00fcr einen ebenm\u00e4\u00dfigen, strahlenden Teint f\u00fcr empfindliche, trockene Haut. Mit LSF 20. Hyalurons\u00e4ure versorgt die Haut 12 Stunden mit Feuchtigkeit. Ultra-formbare Creme-Textur f\u00fcr ein strahlendes Finish. Erh\u00e4ltlich in 5 Nuancen.<\/p>\n","protected":false},"excerpt":{"rendered":"<p>F\u00fcr einen ebenm\u00e4\u00dfigen, strahlenden Teint f\u00fcr empfindliche, trockene Haut. Mit LSF 20. Hyalurons\u00e4ure versorgt die Haut 12 Stunden mit Feuchtigkeit. Ultra-formbare Creme-Textur f\u00fcr ein strahlendes Finish. Erh\u00e4ltlich in 5 Nuancen.<\/p>\n","protected":false},"featured_media":43236,"template":"","meta":{"_acf_changed":false},"product_brand":[692],"product_cat":[317],"product_tag":[],"class_list":{"0":"post-43234","1":"product","2":"type-product","3":"status-publish","4":"has-post-thumbnail","6":"product_brand-la-roche-posay","7":"product_cat-l","8":"pa_farbe-02-light-beige","9":"pa_farbe-03-sand","10":"pa_farbe-04-golden-beige","11":"pa_farbe-05-honey-beige","12":"pa_packungsgroesse-30ml","14":"first","15":"instock","16":"shipping-taxable","17":"purchasable","18":"product-type-simple"},"acf":[],"_links":{"self":[{"href":"https:\/\/www.hirtenberg-apotheke.at\/katalog\/wp-json\/wp\/v2\/product\/43234","targetHints":{"allow":["GET"]}}],"collection":[{"href":"https:\/\/www.hirtenberg-apotheke.at\/katalog\/wp-json\/wp\/v2\/product"}],"about":[{"href":"https:\/\/www.hirtenberg-apotheke.at\/katalog\/wp-json\/wp\/v2\/types\/product"}],"wp:featuredmedia":[{"embeddable":true,"href":"https:\/\/www.hirtenberg-apotheke.at\/katalog\/wp-json\/wp\/v2\/media\/43236"}],"wp:attachment":[{"href":"https:\/\/www.hirtenberg-apotheke.at\/katalog\/wp-json\/wp\/v2\/media?parent=43234"}],"wp:term":[{"taxonomy":"product_brand","embeddable":true,"href":"https:\/\/www.hirtenberg-apotheke.at\/katalog\/wp-json\/wp\/v2\/product_brand?post=43234"},{"taxonomy":"product_cat","embeddable":true,"href":"https:\/\/www.hirtenberg-apotheke.at\/katalog\/wp-json\/wp\/v2\/product_cat?post=43234"},{"taxonomy":"product_tag","embeddable":true,"href":"https:\/\/www.hirtenberg-apotheke.at\/katalog\/wp-json\/wp\/v2\/product_tag?post=43234"}],"curies":[{"name":"wp","href":"https:\/\/api.w.org\/{rel}","templated":true}]}}