{"id":43326,"date":"2025-11-26T09:15:30","date_gmt":"2025-11-26T08:15:30","guid":{"rendered":"https:\/\/www.hirtenberg-apotheke.at\/katalog\/produkt\/coolike-koerpercreme-500-ml-avocado\/"},"modified":"2025-11-26T09:15:51","modified_gmt":"2025-11-26T08:15:51","slug":"coolike-koerpercreme-500-ml-avocado","status":"publish","type":"product","link":"https:\/\/www.hirtenberg-apotheke.at\/katalog\/produkt\/coolike-koerpercreme-500-ml-avocado\/","title":{"rendered":"Coolike K\u00f6rpercreme 500 ml Avocado"},"content":{"rendered":"<p>Coolike K\u00f6rpercreme enth\u00e4lt Panthenol und Q10, welche der Haut intensive Feuchtigkeit spenden und ihre nat\u00fcrliche Regeneration f\u00f6rdern. Sie verleihen ein zartes Hautgef\u00fchl. F\u00fcr die t\u00e4gliche Anwendung geeignet.<\/p>\n","protected":false},"excerpt":{"rendered":"<p>Coolike K\u00f6rpercreme enth\u00e4lt Panthenol und Q10, welche der Haut intensive Feuchtigkeit spenden und ihre nat\u00fcrliche Regeneration f\u00f6rdern. Sie verleihen ein zartes Hautgef\u00fchl. F\u00fcr die t\u00e4gliche Anwendung geeignet.<\/p>\n","protected":false},"featured_media":43328,"template":"","meta":{"_acf_changed":false},"product_brand":[],"product_cat":[337],"product_tag":[],"class_list":{"0":"post-43326","1":"product","2":"type-product","3":"status-publish","4":"has-post-thumbnail","6":"product_cat-c","7":"pa_packungsgroesse-500ml","9":"first","10":"instock","11":"shipping-taxable","12":"purchasable","13":"product-type-simple"},"acf":[],"_links":{"self":[{"href":"https:\/\/www.hirtenberg-apotheke.at\/katalog\/wp-json\/wp\/v2\/product\/43326","targetHints":{"allow":["GET"]}}],"collection":[{"href":"https:\/\/www.hirtenberg-apotheke.at\/katalog\/wp-json\/wp\/v2\/product"}],"about":[{"href":"https:\/\/www.hirtenberg-apotheke.at\/katalog\/wp-json\/wp\/v2\/types\/product"}],"wp:featuredmedia":[{"embeddable":true,"href":"https:\/\/www.hirtenberg-apotheke.at\/katalog\/wp-json\/wp\/v2\/media\/43328"}],"wp:attachment":[{"href":"https:\/\/www.hirtenberg-apotheke.at\/katalog\/wp-json\/wp\/v2\/media?parent=43326"}],"wp:term":[{"taxonomy":"product_brand","embeddable":true,"href":"https:\/\/www.hirtenberg-apotheke.at\/katalog\/wp-json\/wp\/v2\/product_brand?post=43326"},{"taxonomy":"product_cat","embeddable":true,"href":"https:\/\/www.hirtenberg-apotheke.at\/katalog\/wp-json\/wp\/v2\/product_cat?post=43326"},{"taxonomy":"product_tag","embeddable":true,"href":"https:\/\/www.hirtenberg-apotheke.at\/katalog\/wp-json\/wp\/v2\/product_tag?post=43326"}],"curies":[{"name":"wp","href":"https:\/\/api.w.org\/{rel}","templated":true}]}}