{"id":43353,"date":"2025-11-26T09:15:55","date_gmt":"2025-11-26T08:15:55","guid":{"rendered":"https:\/\/www.hirtenberg-apotheke.at\/katalog\/produkt\/padma-aciben-60-stk-kapseln\/"},"modified":"2025-11-26T09:16:14","modified_gmt":"2025-11-26T08:16:14","slug":"padma-aciben-60-stk-kapseln","status":"publish","type":"product","link":"https:\/\/www.hirtenberg-apotheke.at\/katalog\/produkt\/padma-aciben-60-stk-kapseln\/","title":{"rendered":"Padma Aciben 60 Stk. Kapseln"},"content":{"rendered":"<p>Padma Aciben ist ein Kr\u00e4uterprodukt zur Unterst\u00fctzung und f\u00fcr den Erhalt eines neutralen Magenklimas und einer balancierten Magenfunktion. Die Rezeptur &#8222;Cong zhi 6&#8220; hat nach Tibetischer Konstitutionslehre einen bitteren und scharfen Geschmack und besitzt neutralisierende Eigenschaften.<\/p>\n","protected":false},"excerpt":{"rendered":"<p>Padma Aciben ist ein Kr\u00e4uterprodukt zur Unterst\u00fctzung und f\u00fcr den Erhalt eines neutralen Magenklimas und einer balancierten Magenfunktion. Die Rezeptur &#8222;Cong zhi 6&#8220; hat nach Tibetischer Konstitutionslehre einen bitteren und scharfen Geschmack und besitzt neutralisierende Eigenschaften.<\/p>\n","protected":false},"featured_media":43355,"template":"","meta":{"_acf_changed":false},"product_brand":[],"product_cat":[302],"product_tag":[],"class_list":{"0":"post-43353","1":"product","2":"type-product","3":"status-publish","4":"has-post-thumbnail","6":"product_cat-p","7":"pa_packungsgroesse-60-stueck","9":"first","10":"instock","11":"shipping-taxable","12":"purchasable","13":"product-type-simple"},"acf":[],"_links":{"self":[{"href":"https:\/\/www.hirtenberg-apotheke.at\/katalog\/wp-json\/wp\/v2\/product\/43353","targetHints":{"allow":["GET"]}}],"collection":[{"href":"https:\/\/www.hirtenberg-apotheke.at\/katalog\/wp-json\/wp\/v2\/product"}],"about":[{"href":"https:\/\/www.hirtenberg-apotheke.at\/katalog\/wp-json\/wp\/v2\/types\/product"}],"wp:featuredmedia":[{"embeddable":true,"href":"https:\/\/www.hirtenberg-apotheke.at\/katalog\/wp-json\/wp\/v2\/media\/43355"}],"wp:attachment":[{"href":"https:\/\/www.hirtenberg-apotheke.at\/katalog\/wp-json\/wp\/v2\/media?parent=43353"}],"wp:term":[{"taxonomy":"product_brand","embeddable":true,"href":"https:\/\/www.hirtenberg-apotheke.at\/katalog\/wp-json\/wp\/v2\/product_brand?post=43353"},{"taxonomy":"product_cat","embeddable":true,"href":"https:\/\/www.hirtenberg-apotheke.at\/katalog\/wp-json\/wp\/v2\/product_cat?post=43353"},{"taxonomy":"product_tag","embeddable":true,"href":"https:\/\/www.hirtenberg-apotheke.at\/katalog\/wp-json\/wp\/v2\/product_tag?post=43353"}],"curies":[{"name":"wp","href":"https:\/\/api.w.org\/{rel}","templated":true}]}}