{"id":43392,"date":"2025-11-26T09:16:27","date_gmt":"2025-11-26T08:16:27","guid":{"rendered":"https:\/\/www.hirtenberg-apotheke.at\/katalog\/produkt\/melasan-magnesiumcitrat-instant-pulver-175-g\/"},"modified":"2025-11-26T09:16:52","modified_gmt":"2025-11-26T08:16:52","slug":"melasan-magnesiumcitrat-instant-pulver-175-g","status":"publish","type":"product","link":"https:\/\/www.hirtenberg-apotheke.at\/katalog\/produkt\/melasan-magnesiumcitrat-instant-pulver-175-g\/","title":{"rendered":"Melasan Magnesiumcitrat Instant Pulver 175 g"},"content":{"rendered":"<p>Melasan Magnesiumcitrat Instant Pulver 175 g ist frei von Zusatz-, Geschmacks- und Konservierungsstoffen und l\u00e4sst sich hervorragend zur Herstellung eines isotonischen Getr\u00e4nks verwenden. Magnesiumcitrat erf\u00fcllt Funktionen im Energiestoffwechsel, leistet einen Beitrag zu einer normalen Muskelfunktion und tr\u00e4gt zum Elektrolytgleichgewicht bei &#8211; jetzt zu g\u00fcnstigen Preisen online bestellen!<\/p>\n","protected":false},"excerpt":{"rendered":"<p>Melasan Magnesiumcitrat Instant Pulver 175 g ist frei von Zusatz-, Geschmacks- und Konservierungsstoffen und l\u00e4sst sich hervorragend zur Herstellung eines isotonischen Getr\u00e4nks verwenden. Magnesiumcitrat erf\u00fcllt Funktionen im Energiestoffwechsel, leistet einen Beitrag zu einer normalen Muskelfunktion und tr\u00e4gt zum Elektrolytgleichgewicht bei &#8211; jetzt zu g\u00fcnstigen Preisen online bestellen!<\/p>\n","protected":false},"featured_media":0,"template":"","meta":{"_acf_changed":false},"product_brand":[323],"product_cat":[308],"product_tag":[],"class_list":{"0":"post-43392","1":"product","2":"type-product","3":"status-publish","5":"product_brand-melasan","6":"product_cat-m","7":"pa_packungsgroesse-175g","9":"first","10":"instock","11":"shipping-taxable","12":"purchasable","13":"product-type-simple"},"acf":[],"_links":{"self":[{"href":"https:\/\/www.hirtenberg-apotheke.at\/katalog\/wp-json\/wp\/v2\/product\/43392","targetHints":{"allow":["GET"]}}],"collection":[{"href":"https:\/\/www.hirtenberg-apotheke.at\/katalog\/wp-json\/wp\/v2\/product"}],"about":[{"href":"https:\/\/www.hirtenberg-apotheke.at\/katalog\/wp-json\/wp\/v2\/types\/product"}],"wp:attachment":[{"href":"https:\/\/www.hirtenberg-apotheke.at\/katalog\/wp-json\/wp\/v2\/media?parent=43392"}],"wp:term":[{"taxonomy":"product_brand","embeddable":true,"href":"https:\/\/www.hirtenberg-apotheke.at\/katalog\/wp-json\/wp\/v2\/product_brand?post=43392"},{"taxonomy":"product_cat","embeddable":true,"href":"https:\/\/www.hirtenberg-apotheke.at\/katalog\/wp-json\/wp\/v2\/product_cat?post=43392"},{"taxonomy":"product_tag","embeddable":true,"href":"https:\/\/www.hirtenberg-apotheke.at\/katalog\/wp-json\/wp\/v2\/product_tag?post=43392"}],"curies":[{"name":"wp","href":"https:\/\/api.w.org\/{rel}","templated":true}]}}