{"id":43425,"date":"2025-11-26T09:17:00","date_gmt":"2025-11-26T08:17:00","guid":{"rendered":"https:\/\/www.hirtenberg-apotheke.at\/katalog\/produkt\/franzbranntwein-spray-holzhacker\/"},"modified":"2025-11-26T09:17:31","modified_gmt":"2025-11-26T08:17:31","slug":"franzbranntwein-spray-holzhacker","status":"publish","type":"product","link":"https:\/\/www.hirtenberg-apotheke.at\/katalog\/produkt\/franzbranntwein-spray-holzhacker\/","title":{"rendered":"Franzbranntwein Spray Holzhacker"},"content":{"rendered":"<p>Der Holzhacker Franzbranntwein Spray ist ein nach uraltem Rezept hergestelltes Hausmittel bestehend aus Alkohol, Menthol, Arnikaextrakt, Kampfer und Weingel\u00e4gerdestillat. Er ist die perfekte Hilfe gegen Muskelkater, M\u00fcdigkeit und nach k\u00f6rperlicher Belastung, dient zur F\u00f6rderung der Durchblutung und  hat eine k\u00fchlende, erfrischende und kr\u00e4ftigende Wirkung. Au\u00dferdem ist das Hausmittel frei von Parabenen, Paraffinen und Farbstoffen.<\/p>\n","protected":false},"excerpt":{"rendered":"<p>Der Holzhacker Franzbranntwein Spray ist ein nach uraltem Rezept hergestelltes Hausmittel bestehend aus Alkohol, Menthol, Arnikaextrakt, Kampfer und Weingel\u00e4gerdestillat. Er ist die perfekte Hilfe gegen Muskelkater, M\u00fcdigkeit und nach k\u00f6rperlicher Belastung, dient zur F\u00f6rderung der Durchblutung und hat eine k\u00fchlende, erfrischende und kr\u00e4ftigende Wirkung. Au\u00dferdem ist das Hausmittel frei von Parabenen, Paraffinen und Farbstoffen.<\/p>\n","protected":false},"featured_media":0,"template":"","meta":{"_acf_changed":false},"product_brand":[],"product_cat":[322],"product_tag":[],"class_list":{"0":"post-43425","1":"product","2":"type-product","3":"status-publish","5":"product_cat-f","6":"pa_packungsgroesse-100ml","8":"first","9":"instock","10":"shipping-taxable","11":"purchasable","12":"product-type-simple"},"acf":[],"_links":{"self":[{"href":"https:\/\/www.hirtenberg-apotheke.at\/katalog\/wp-json\/wp\/v2\/product\/43425","targetHints":{"allow":["GET"]}}],"collection":[{"href":"https:\/\/www.hirtenberg-apotheke.at\/katalog\/wp-json\/wp\/v2\/product"}],"about":[{"href":"https:\/\/www.hirtenberg-apotheke.at\/katalog\/wp-json\/wp\/v2\/types\/product"}],"wp:attachment":[{"href":"https:\/\/www.hirtenberg-apotheke.at\/katalog\/wp-json\/wp\/v2\/media?parent=43425"}],"wp:term":[{"taxonomy":"product_brand","embeddable":true,"href":"https:\/\/www.hirtenberg-apotheke.at\/katalog\/wp-json\/wp\/v2\/product_brand?post=43425"},{"taxonomy":"product_cat","embeddable":true,"href":"https:\/\/www.hirtenberg-apotheke.at\/katalog\/wp-json\/wp\/v2\/product_cat?post=43425"},{"taxonomy":"product_tag","embeddable":true,"href":"https:\/\/www.hirtenberg-apotheke.at\/katalog\/wp-json\/wp\/v2\/product_tag?post=43425"}],"curies":[{"name":"wp","href":"https:\/\/api.w.org\/{rel}","templated":true}]}}