{"id":43443,"date":"2025-11-26T09:17:47","date_gmt":"2025-11-26T08:17:47","guid":{"rendered":"https:\/\/www.hirtenberg-apotheke.at\/katalog\/produkt\/holle-bio-fruechteriegel-apfel-banane-1-stk\/"},"modified":"2025-11-26T09:17:49","modified_gmt":"2025-11-26T08:17:49","slug":"holle-bio-fruechteriegel-apfel-banane-1-stk","status":"publish","type":"product","link":"https:\/\/www.hirtenberg-apotheke.at\/katalog\/produkt\/holle-bio-fruechteriegel-apfel-banane-1-stk\/","title":{"rendered":"Holle BIO-Fr\u00fcchteriegel Apfel-Banane 1 Stk."},"content":{"rendered":"<p>Holle BIO-Fr\u00fcchteriegel Apfel-Banane eignet sich besonders gut als Zwischenmahlzeit und ist durch seine handliche Gr\u00f6\u00dfe selbst f\u00fcr kleine H\u00e4ndchen besonders einfach zu halten. Die Dinkel-Vollkornoblaten verhindern klebende Finger.<\/p>\n","protected":false},"excerpt":{"rendered":"<p>Holle BIO-Fr\u00fcchteriegel Apfel-Banane eignet sich besonders gut als Zwischenmahlzeit und ist durch seine handliche Gr\u00f6\u00dfe selbst f\u00fcr kleine H\u00e4ndchen besonders einfach zu halten. Die Dinkel-Vollkornoblaten verhindern klebende Finger.<\/p>\n","protected":false},"featured_media":0,"template":"","meta":{"_acf_changed":false},"product_brand":[],"product_cat":[330],"product_tag":[],"class_list":{"0":"post-43443","1":"product","2":"type-product","3":"status-publish","5":"product_cat-h","6":"pa_packungsgroesse-1-stueck","8":"first","9":"instock","10":"shipping-taxable","11":"purchasable","12":"product-type-simple"},"acf":[],"_links":{"self":[{"href":"https:\/\/www.hirtenberg-apotheke.at\/katalog\/wp-json\/wp\/v2\/product\/43443","targetHints":{"allow":["GET"]}}],"collection":[{"href":"https:\/\/www.hirtenberg-apotheke.at\/katalog\/wp-json\/wp\/v2\/product"}],"about":[{"href":"https:\/\/www.hirtenberg-apotheke.at\/katalog\/wp-json\/wp\/v2\/types\/product"}],"wp:attachment":[{"href":"https:\/\/www.hirtenberg-apotheke.at\/katalog\/wp-json\/wp\/v2\/media?parent=43443"}],"wp:term":[{"taxonomy":"product_brand","embeddable":true,"href":"https:\/\/www.hirtenberg-apotheke.at\/katalog\/wp-json\/wp\/v2\/product_brand?post=43443"},{"taxonomy":"product_cat","embeddable":true,"href":"https:\/\/www.hirtenberg-apotheke.at\/katalog\/wp-json\/wp\/v2\/product_cat?post=43443"},{"taxonomy":"product_tag","embeddable":true,"href":"https:\/\/www.hirtenberg-apotheke.at\/katalog\/wp-json\/wp\/v2\/product_tag?post=43443"}],"curies":[{"name":"wp","href":"https:\/\/api.w.org\/{rel}","templated":true}]}}