{"id":43465,"date":"2025-11-26T09:17:47","date_gmt":"2025-11-26T08:17:47","guid":{"rendered":"https:\/\/www.hirtenberg-apotheke.at\/katalog\/produkt\/ladival-allergische-haut-sonnenschutz-gel-lsf-30-50-ml\/"},"modified":"2025-11-26T09:18:06","modified_gmt":"2025-11-26T08:18:06","slug":"ladival-allergische-haut-sonnenschutz-gel-lsf-30-50-ml","status":"publish","type":"product","link":"https:\/\/www.hirtenberg-apotheke.at\/katalog\/produkt\/ladival-allergische-haut-sonnenschutz-gel-lsf-30-50-ml\/","title":{"rendered":"Ladival Allergische Haut Sonnenschutz Gel LSF 30 50 ml"},"content":{"rendered":"<p>Das besonders leichte Ladival\u00ae Allergische Haut Sonnenschutz Gel f\u00fcr Gesicht und H\u00e4nde enth\u00e4lt weder Fette noch Emulgatoren. Es ist speziell geeignet bei Neigung zu Sonnenallergie oder Mallorca-Akne, aber auch bei einer eher fettigen Haut. Das Produkt l\u00e4sst sich gut verteilen, zieht schnell ein, klebt nicht und sorgt f\u00fcr ein angenehmes Hautgef\u00fchl.<\/p>\n","protected":false},"excerpt":{"rendered":"<p>Das besonders leichte Ladival\u00ae Allergische Haut Sonnenschutz Gel f\u00fcr Gesicht und H\u00e4nde enth\u00e4lt weder Fette noch Emulgatoren. Es ist speziell geeignet bei Neigung zu Sonnenallergie oder Mallorca-Akne, aber auch bei einer eher fettigen Haut. Das Produkt l\u00e4sst sich gut verteilen, zieht schnell ein, klebt nicht und sorgt f\u00fcr ein angenehmes Hautgef\u00fchl.<\/p>\n","protected":false},"featured_media":0,"template":"","meta":{"_acf_changed":false},"product_brand":[1017],"product_cat":[317],"product_tag":[],"class_list":{"0":"post-43465","1":"product","2":"type-product","3":"status-publish","5":"product_brand-ladival","6":"product_cat-l","7":"pa_packungsgroesse-50ml","9":"first","10":"instock","11":"shipping-taxable","12":"purchasable","13":"product-type-simple"},"acf":[],"_links":{"self":[{"href":"https:\/\/www.hirtenberg-apotheke.at\/katalog\/wp-json\/wp\/v2\/product\/43465","targetHints":{"allow":["GET"]}}],"collection":[{"href":"https:\/\/www.hirtenberg-apotheke.at\/katalog\/wp-json\/wp\/v2\/product"}],"about":[{"href":"https:\/\/www.hirtenberg-apotheke.at\/katalog\/wp-json\/wp\/v2\/types\/product"}],"wp:attachment":[{"href":"https:\/\/www.hirtenberg-apotheke.at\/katalog\/wp-json\/wp\/v2\/media?parent=43465"}],"wp:term":[{"taxonomy":"product_brand","embeddable":true,"href":"https:\/\/www.hirtenberg-apotheke.at\/katalog\/wp-json\/wp\/v2\/product_brand?post=43465"},{"taxonomy":"product_cat","embeddable":true,"href":"https:\/\/www.hirtenberg-apotheke.at\/katalog\/wp-json\/wp\/v2\/product_cat?post=43465"},{"taxonomy":"product_tag","embeddable":true,"href":"https:\/\/www.hirtenberg-apotheke.at\/katalog\/wp-json\/wp\/v2\/product_tag?post=43465"}],"curies":[{"name":"wp","href":"https:\/\/api.w.org\/{rel}","templated":true}]}}