{"id":43511,"date":"2025-11-26T09:18:22","date_gmt":"2025-11-26T08:18:22","guid":{"rendered":"https:\/\/www.hirtenberg-apotheke.at\/katalog\/produkt\/nicapur-mucosaplex-kapseln-60-stk\/"},"modified":"2025-11-26T09:18:56","modified_gmt":"2025-11-26T08:18:56","slug":"nicapur-mucosaplex-kapseln-60-stk","status":"publish","type":"product","link":"https:\/\/www.hirtenberg-apotheke.at\/katalog\/produkt\/nicapur-mucosaplex-kapseln-60-stk\/","title":{"rendered":"Nicapur MucosaPlex Kapseln 60 Stk."},"content":{"rendered":"<p>MucosaPlex\u00ae ist ein Nahrungserg\u00e4nzungsmittel mit einem hohen Anteil an \u00df-Carotin, der Vorstufe zu Vitamin A. Vitamin A unterst\u00fctzt den Erhalt normaler Schleimh\u00e4ute und unterst\u00fctzt somit eine die Funktion der Darmschleimhaut &#8211; mit hohem Rabatt bestellen!<\/p>\n","protected":false},"excerpt":{"rendered":"<p>MucosaPlex\u00ae ist ein Nahrungserg\u00e4nzungsmittel mit einem hohen Anteil an \u00df-Carotin, der Vorstufe zu Vitamin A. Vitamin A unterst\u00fctzt den Erhalt normaler Schleimh\u00e4ute und unterst\u00fctzt somit eine die Funktion der Darmschleimhaut &#8211; mit hohem Rabatt bestellen!<\/p>\n","protected":false},"featured_media":0,"template":"","meta":{"_acf_changed":false},"product_brand":[309],"product_cat":[310],"product_tag":[],"class_list":{"0":"post-43511","1":"product","2":"type-product","3":"status-publish","5":"product_brand-nicapur","6":"product_cat-n","7":"pa_packungsgroesse-60-stueck","9":"first","10":"instock","11":"shipping-taxable","12":"purchasable","13":"product-type-simple"},"acf":[],"_links":{"self":[{"href":"https:\/\/www.hirtenberg-apotheke.at\/katalog\/wp-json\/wp\/v2\/product\/43511","targetHints":{"allow":["GET"]}}],"collection":[{"href":"https:\/\/www.hirtenberg-apotheke.at\/katalog\/wp-json\/wp\/v2\/product"}],"about":[{"href":"https:\/\/www.hirtenberg-apotheke.at\/katalog\/wp-json\/wp\/v2\/types\/product"}],"wp:attachment":[{"href":"https:\/\/www.hirtenberg-apotheke.at\/katalog\/wp-json\/wp\/v2\/media?parent=43511"}],"wp:term":[{"taxonomy":"product_brand","embeddable":true,"href":"https:\/\/www.hirtenberg-apotheke.at\/katalog\/wp-json\/wp\/v2\/product_brand?post=43511"},{"taxonomy":"product_cat","embeddable":true,"href":"https:\/\/www.hirtenberg-apotheke.at\/katalog\/wp-json\/wp\/v2\/product_cat?post=43511"},{"taxonomy":"product_tag","embeddable":true,"href":"https:\/\/www.hirtenberg-apotheke.at\/katalog\/wp-json\/wp\/v2\/product_tag?post=43511"}],"curies":[{"name":"wp","href":"https:\/\/api.w.org\/{rel}","templated":true}]}}