{"id":43534,"date":"2025-11-26T09:19:10","date_gmt":"2025-11-26T08:19:10","guid":{"rendered":"https:\/\/www.hirtenberg-apotheke.at\/katalog\/produkt\/erste-hilfe-handwerkbox-spezial-pflege-7-stk\/"},"modified":"2025-11-26T09:19:20","modified_gmt":"2025-11-26T08:19:20","slug":"erste-hilfe-handwerkbox-spezial-pflege-7-stk","status":"publish","type":"product","link":"https:\/\/www.hirtenberg-apotheke.at\/katalog\/produkt\/erste-hilfe-handwerkbox-spezial-pflege-7-stk\/","title":{"rendered":"Erste Hilfe Handwerkbox Spezial Pflege 7 Stk."},"content":{"rendered":"<p>Erste Hilfe Handwerkbox deckt die unterschiedlichen Anwendungsbed\u00fcrfnisse f\u00fcr Handwerker ab. Die Pflaster sind speziell nach Form, Tr\u00e4germaterial und Haftklebstoff sortiert. Verschiedene Spezialpflaster f\u00fcr unterschiedliche Verletzungen, welche Handwerkern passieren k\u00f6nnen.<\/p>\n","protected":false},"excerpt":{"rendered":"<p>Erste Hilfe Handwerkbox deckt die unterschiedlichen Anwendungsbed\u00fcrfnisse f\u00fcr Handwerker ab. Die Pflaster sind speziell nach Form, Tr\u00e4germaterial und Haftklebstoff sortiert. Verschiedene Spezialpflaster f\u00fcr unterschiedliche Verletzungen, welche Handwerkern passieren k\u00f6nnen.<\/p>\n","protected":false},"featured_media":0,"template":"","meta":{"_acf_changed":false},"product_brand":[],"product_cat":[307],"product_tag":[],"class_list":{"0":"post-43534","1":"product","2":"type-product","3":"status-publish","5":"product_cat-e","6":"pa_packungsgroesse-1-stueck","8":"first","9":"instock","10":"shipping-taxable","11":"purchasable","12":"product-type-simple"},"acf":[],"_links":{"self":[{"href":"https:\/\/www.hirtenberg-apotheke.at\/katalog\/wp-json\/wp\/v2\/product\/43534","targetHints":{"allow":["GET"]}}],"collection":[{"href":"https:\/\/www.hirtenberg-apotheke.at\/katalog\/wp-json\/wp\/v2\/product"}],"about":[{"href":"https:\/\/www.hirtenberg-apotheke.at\/katalog\/wp-json\/wp\/v2\/types\/product"}],"wp:attachment":[{"href":"https:\/\/www.hirtenberg-apotheke.at\/katalog\/wp-json\/wp\/v2\/media?parent=43534"}],"wp:term":[{"taxonomy":"product_brand","embeddable":true,"href":"https:\/\/www.hirtenberg-apotheke.at\/katalog\/wp-json\/wp\/v2\/product_brand?post=43534"},{"taxonomy":"product_cat","embeddable":true,"href":"https:\/\/www.hirtenberg-apotheke.at\/katalog\/wp-json\/wp\/v2\/product_cat?post=43534"},{"taxonomy":"product_tag","embeddable":true,"href":"https:\/\/www.hirtenberg-apotheke.at\/katalog\/wp-json\/wp\/v2\/product_tag?post=43534"}],"curies":[{"name":"wp","href":"https:\/\/api.w.org\/{rel}","templated":true}]}}