{"id":43571,"date":"2025-11-26T09:19:35","date_gmt":"2025-11-26T08:19:35","guid":{"rendered":"https:\/\/www.hirtenberg-apotheke.at\/katalog\/produkt\/npd-mandeloel-suess-250-ml\/"},"modified":"2025-11-26T09:19:52","modified_gmt":"2025-11-26T08:19:52","slug":"npd-mandeloel-suess-250-ml","status":"publish","type":"product","link":"https:\/\/www.hirtenberg-apotheke.at\/katalog\/produkt\/npd-mandeloel-suess-250-ml\/","title":{"rendered":"NPD Mandel\u00f6l s\u00fc\u00df 250 ml"},"content":{"rendered":"<p>NPD Primabene Mandel\u00f6l ist ein schwach hellgelbes bis farbloses \u00d6l, das im Geschmack mild \u00f6lig ist. Die Hauptbestandteile des Mandel\u00f6ls sind \u00d6l- und Linols\u00e4ure (\u00fcber 50%). Das kaltgepresste \u00d6l ist frei von Amygdalin, einem Blaus\u00e4urglykosid. Mandel\u00f6l wird leicht ranzig und wird daher meistens in raffinierter Qualit\u00e4t angeboten.<\/p>\n","protected":false},"excerpt":{"rendered":"<p>NPD Primabene Mandel\u00f6l ist ein schwach hellgelbes bis farbloses \u00d6l, das im Geschmack mild \u00f6lig ist. Die Hauptbestandteile des Mandel\u00f6ls sind \u00d6l- und Linols\u00e4ure (\u00fcber 50%). Das kaltgepresste \u00d6l ist frei von Amygdalin, einem Blaus\u00e4urglykosid. Mandel\u00f6l wird leicht ranzig und wird daher meistens in raffinierter Qualit\u00e4t angeboten.<\/p>\n","protected":false},"featured_media":43573,"template":"","meta":{"_acf_changed":false},"product_brand":[],"product_cat":[310],"product_tag":[],"class_list":{"0":"post-43571","1":"product","2":"type-product","3":"status-publish","4":"has-post-thumbnail","6":"product_cat-n","7":"pa_packungsgroesse-250ml","9":"first","10":"instock","11":"shipping-taxable","12":"purchasable","13":"product-type-simple"},"acf":[],"_links":{"self":[{"href":"https:\/\/www.hirtenberg-apotheke.at\/katalog\/wp-json\/wp\/v2\/product\/43571","targetHints":{"allow":["GET"]}}],"collection":[{"href":"https:\/\/www.hirtenberg-apotheke.at\/katalog\/wp-json\/wp\/v2\/product"}],"about":[{"href":"https:\/\/www.hirtenberg-apotheke.at\/katalog\/wp-json\/wp\/v2\/types\/product"}],"wp:featuredmedia":[{"embeddable":true,"href":"https:\/\/www.hirtenberg-apotheke.at\/katalog\/wp-json\/wp\/v2\/media\/43573"}],"wp:attachment":[{"href":"https:\/\/www.hirtenberg-apotheke.at\/katalog\/wp-json\/wp\/v2\/media?parent=43571"}],"wp:term":[{"taxonomy":"product_brand","embeddable":true,"href":"https:\/\/www.hirtenberg-apotheke.at\/katalog\/wp-json\/wp\/v2\/product_brand?post=43571"},{"taxonomy":"product_cat","embeddable":true,"href":"https:\/\/www.hirtenberg-apotheke.at\/katalog\/wp-json\/wp\/v2\/product_cat?post=43571"},{"taxonomy":"product_tag","embeddable":true,"href":"https:\/\/www.hirtenberg-apotheke.at\/katalog\/wp-json\/wp\/v2\/product_tag?post=43571"}],"curies":[{"name":"wp","href":"https:\/\/api.w.org\/{rel}","templated":true}]}}