{"id":43574,"date":"2025-11-26T09:19:35","date_gmt":"2025-11-26T08:19:35","guid":{"rendered":"https:\/\/www.hirtenberg-apotheke.at\/katalog\/produkt\/hartmann-stellisept-med-waschlotion-500-ml\/"},"modified":"2025-11-26T10:02:23","modified_gmt":"2025-11-26T09:02:23","slug":"hartmann-stellisept-med-waschlotion-500-ml","status":"publish","type":"product","link":"https:\/\/www.hirtenberg-apotheke.at\/katalog\/produkt\/hartmann-stellisept-med-waschlotion-500-ml\/","title":{"rendered":"Hartmann Stellisept Med Waschlotion 500 ml"},"content":{"rendered":"<p>Antimikrobielle Waschlotion f\u00fcr K\u00f6rper, Haare und H\u00e4nde. In 30 Sekunden umfassend wirksam gegen Bakterien inkl. MRSA\/ ORSA und VRE. Stellisept med eignet sich sowohl zur antimikrobiellen K\u00f6rperwaschung und Sanierung bei MRSA-Kolonisation gem\u00e4\u00df Empfehlung des Robert Koch-Instituts sowie zur hygienischen H\u00e4ndewaschung als schnell wirksame und hautfreundliche Alternative gegen\u00fcber herk\u00f6mmlichen Dekontaminationspr\u00e4paraten. Angenehmer Duft ohne Alkohol und Farbstoffe..<\/p>\n","protected":false},"excerpt":{"rendered":"<p>Antimikrobielle Waschlotion f\u00fcr K\u00f6rper, Haare und H\u00e4nde. In 30 Sekunden umfassend wirksam gegen Bakterien inkl. MRSA\/ ORSA und VRE. Stellisept med eignet sich sowohl zur antimikrobiellen K\u00f6rperwaschung und Sanierung bei MRSA-Kolonisation gem\u00e4\u00df Empfehlung des Robert Koch-Instituts sowie zur hygienischen H\u00e4ndewaschung als schnell wirksame und hautfreundliche Alternative gegen\u00fcber herk\u00f6mmlichen Dekontaminationspr\u00e4paraten. Angenehmer Duft ohne Alkohol und Farbstoffe..<\/p>\n","protected":false},"featured_media":43576,"template":"","meta":{"_acf_changed":false},"product_brand":[],"product_cat":[330],"product_tag":[],"class_list":{"0":"post-43574","1":"product","2":"type-product","3":"status-publish","4":"has-post-thumbnail","6":"product_cat-h","7":"pa_packungsgroesse-100ml","8":"pa_packungsgroesse-500ml","10":"first","11":"instock","12":"shipping-taxable","13":"purchasable","14":"product-type-simple"},"acf":[],"_links":{"self":[{"href":"https:\/\/www.hirtenberg-apotheke.at\/katalog\/wp-json\/wp\/v2\/product\/43574","targetHints":{"allow":["GET"]}}],"collection":[{"href":"https:\/\/www.hirtenberg-apotheke.at\/katalog\/wp-json\/wp\/v2\/product"}],"about":[{"href":"https:\/\/www.hirtenberg-apotheke.at\/katalog\/wp-json\/wp\/v2\/types\/product"}],"wp:featuredmedia":[{"embeddable":true,"href":"https:\/\/www.hirtenberg-apotheke.at\/katalog\/wp-json\/wp\/v2\/media\/43576"}],"wp:attachment":[{"href":"https:\/\/www.hirtenberg-apotheke.at\/katalog\/wp-json\/wp\/v2\/media?parent=43574"}],"wp:term":[{"taxonomy":"product_brand","embeddable":true,"href":"https:\/\/www.hirtenberg-apotheke.at\/katalog\/wp-json\/wp\/v2\/product_brand?post=43574"},{"taxonomy":"product_cat","embeddable":true,"href":"https:\/\/www.hirtenberg-apotheke.at\/katalog\/wp-json\/wp\/v2\/product_cat?post=43574"},{"taxonomy":"product_tag","embeddable":true,"href":"https:\/\/www.hirtenberg-apotheke.at\/katalog\/wp-json\/wp\/v2\/product_tag?post=43574"}],"curies":[{"name":"wp","href":"https:\/\/api.w.org\/{rel}","templated":true}]}}