{"id":43584,"date":"2025-11-26T09:19:58","date_gmt":"2025-11-26T08:19:58","guid":{"rendered":"https:\/\/www.hirtenberg-apotheke.at\/katalog\/produkt\/rausch-styling-mousse-strong-aerosol-150-ml\/"},"modified":"2025-11-26T09:20:09","modified_gmt":"2025-11-26T08:20:09","slug":"rausch-styling-mousse-strong-aerosol-150-ml","status":"publish","type":"product","link":"https:\/\/www.hirtenberg-apotheke.at\/katalog\/produkt\/rausch-styling-mousse-strong-aerosol-150-ml\/","title":{"rendered":"Rausch Styling Mousse Strong Aerosol 150 ml"},"content":{"rendered":"<p>Rausch Styling Mousse Strong Aerosol verleiht dem Haar Sprungkraft, intensives Volumen und Halt. Das Mousse sch\u00fctzt das Haar vor F\u00f6hnhitze und trocknet es nicht aus. Reich an hochwertigen Kr\u00e4uter- und Pflanzenextrakten, wie Sanddorn, Weizen und Sonnenblume, pflegte es intensiv, verleiht einen brillianten Glanz, spendet langanhaltend Feuchtigkeit und macht das Haar geschmeidig.<\/p>\n","protected":false},"excerpt":{"rendered":"<p>Rausch Styling Mousse Strong Aerosol verleiht dem Haar Sprungkraft, intensives Volumen und Halt. Das Mousse sch\u00fctzt das Haar vor F\u00f6hnhitze und trocknet es nicht aus. Reich an hochwertigen Kr\u00e4uter- und Pflanzenextrakten, wie Sanddorn, Weizen und Sonnenblume, pflegte es intensiv, verleiht einen brillianten Glanz, spendet langanhaltend Feuchtigkeit und macht das Haar geschmeidig.<\/p>\n","protected":false},"featured_media":43586,"template":"","meta":{"_acf_changed":false},"product_brand":[638],"product_cat":[311],"product_tag":[],"class_list":{"0":"post-43584","1":"product","2":"type-product","3":"status-publish","4":"has-post-thumbnail","6":"product_brand-rausch","7":"product_cat-r","8":"pa_packungsgroesse-150ml","10":"first","11":"instock","12":"shipping-taxable","13":"purchasable","14":"product-type-simple"},"acf":[],"_links":{"self":[{"href":"https:\/\/www.hirtenberg-apotheke.at\/katalog\/wp-json\/wp\/v2\/product\/43584","targetHints":{"allow":["GET"]}}],"collection":[{"href":"https:\/\/www.hirtenberg-apotheke.at\/katalog\/wp-json\/wp\/v2\/product"}],"about":[{"href":"https:\/\/www.hirtenberg-apotheke.at\/katalog\/wp-json\/wp\/v2\/types\/product"}],"wp:featuredmedia":[{"embeddable":true,"href":"https:\/\/www.hirtenberg-apotheke.at\/katalog\/wp-json\/wp\/v2\/media\/43586"}],"wp:attachment":[{"href":"https:\/\/www.hirtenberg-apotheke.at\/katalog\/wp-json\/wp\/v2\/media?parent=43584"}],"wp:term":[{"taxonomy":"product_brand","embeddable":true,"href":"https:\/\/www.hirtenberg-apotheke.at\/katalog\/wp-json\/wp\/v2\/product_brand?post=43584"},{"taxonomy":"product_cat","embeddable":true,"href":"https:\/\/www.hirtenberg-apotheke.at\/katalog\/wp-json\/wp\/v2\/product_cat?post=43584"},{"taxonomy":"product_tag","embeddable":true,"href":"https:\/\/www.hirtenberg-apotheke.at\/katalog\/wp-json\/wp\/v2\/product_tag?post=43584"}],"curies":[{"name":"wp","href":"https:\/\/api.w.org\/{rel}","templated":true}]}}