{"id":43613,"date":"2025-11-26T09:19:58","date_gmt":"2025-11-26T08:19:58","guid":{"rendered":"https:\/\/www.hirtenberg-apotheke.at\/katalog\/produkt\/multi-safe-cu-375-short-intrauterinpessar-zur-empfaengnisverhuetung-1-stk\/"},"modified":"2025-11-26T09:20:39","modified_gmt":"2025-11-26T08:20:39","slug":"multi-safe-cu-375-short-intrauterinpessar-zur-empfaengnisverhuetung-1-stk","status":"publish","type":"product","link":"https:\/\/www.hirtenberg-apotheke.at\/katalog\/produkt\/multi-safe-cu-375-short-intrauterinpessar-zur-empfaengnisverhuetung-1-stk\/","title":{"rendered":"Multi-safe Cu 375 short Intrauterinpessar zur Empf\u00e4ngnisverh\u00fctung 1 Stk."},"content":{"rendered":"<p>Multi-safe Cu 375 short Intrauterinpessar zur Empf\u00e4ngnisverh\u00fctung muss vor dem Einsetzen nicht geladen werden, sondern wird mit einer Hand eingef\u00fchrt. Dieses Modell unterscheidet sich von Multi-Safe CU 375 lediglich durch eine k\u00fcrzere Stamml\u00e4nge (29,4 mm). Es eignet sich somit besonders f\u00fcr Patientinnen mit geringerer Uterusl\u00e4nge.<\/p>\n","protected":false},"excerpt":{"rendered":"<p>Multi-safe Cu 375 short Intrauterinpessar zur Empf\u00e4ngnisverh\u00fctung muss vor dem Einsetzen nicht geladen werden, sondern wird mit einer Hand eingef\u00fchrt. Dieses Modell unterscheidet sich von Multi-Safe CU 375 lediglich durch eine k\u00fcrzere Stamml\u00e4nge (29,4 mm). Es eignet sich somit besonders f\u00fcr Patientinnen mit geringerer Uterusl\u00e4nge.<\/p>\n","protected":false},"featured_media":43615,"template":"","meta":{"_acf_changed":false},"product_brand":[],"product_cat":[308],"product_tag":[],"class_list":{"0":"post-43613","1":"product","2":"type-product","3":"status-publish","4":"has-post-thumbnail","6":"product_cat-m","7":"pa_packungsgroesse-1-stueck","9":"first","10":"instock","11":"shipping-taxable","12":"purchasable","13":"product-type-simple"},"acf":[],"_links":{"self":[{"href":"https:\/\/www.hirtenberg-apotheke.at\/katalog\/wp-json\/wp\/v2\/product\/43613","targetHints":{"allow":["GET"]}}],"collection":[{"href":"https:\/\/www.hirtenberg-apotheke.at\/katalog\/wp-json\/wp\/v2\/product"}],"about":[{"href":"https:\/\/www.hirtenberg-apotheke.at\/katalog\/wp-json\/wp\/v2\/types\/product"}],"wp:featuredmedia":[{"embeddable":true,"href":"https:\/\/www.hirtenberg-apotheke.at\/katalog\/wp-json\/wp\/v2\/media\/43615"}],"wp:attachment":[{"href":"https:\/\/www.hirtenberg-apotheke.at\/katalog\/wp-json\/wp\/v2\/media?parent=43613"}],"wp:term":[{"taxonomy":"product_brand","embeddable":true,"href":"https:\/\/www.hirtenberg-apotheke.at\/katalog\/wp-json\/wp\/v2\/product_brand?post=43613"},{"taxonomy":"product_cat","embeddable":true,"href":"https:\/\/www.hirtenberg-apotheke.at\/katalog\/wp-json\/wp\/v2\/product_cat?post=43613"},{"taxonomy":"product_tag","embeddable":true,"href":"https:\/\/www.hirtenberg-apotheke.at\/katalog\/wp-json\/wp\/v2\/product_tag?post=43613"}],"curies":[{"name":"wp","href":"https:\/\/api.w.org\/{rel}","templated":true}]}}