{"id":43623,"date":"2025-11-26T09:20:41","date_gmt":"2025-11-26T08:20:41","guid":{"rendered":"https:\/\/www.hirtenberg-apotheke.at\/katalog\/produkt\/espara-isoflavon-yams-kapseln-60-stk\/"},"modified":"2025-11-26T09:20:49","modified_gmt":"2025-11-26T08:20:49","slug":"espara-isoflavon-yams-kapseln-60-stk","status":"publish","type":"product","link":"https:\/\/www.hirtenberg-apotheke.at\/katalog\/produkt\/espara-isoflavon-yams-kapseln-60-stk\/","title":{"rendered":"Espara Isoflavon-Yams Kapseln 60 Stk."},"content":{"rendered":"<p>Nahrungserg\u00e4nzungsmittel mit Vitaminen in Kombination mit Soja-Isoflavonen, Yamswurzel, Frauenmantel und Salbei zur Unterst\u00fctzung des Hormonhaushaltes f\u00fcr das Wohlbefinden der Frau in den Wechseljahren. Vitamin B6 tr\u00e4gt zur Regulierung der Hormont\u00e4tigkeit bei. Pantothens\u00e4ure tr\u00e4gt zur normalen Synthese und zu einem normalen Stoffwechsel von Steroidhormonen bei.<\/p>\n","protected":false},"excerpt":{"rendered":"<p>Nahrungserg\u00e4nzungsmittel mit Vitaminen in Kombination mit Soja-Isoflavonen, Yamswurzel, Frauenmantel und Salbei zur Unterst\u00fctzung des Hormonhaushaltes f\u00fcr das Wohlbefinden der Frau in den Wechseljahren. Vitamin B6 tr\u00e4gt zur Regulierung der Hormont\u00e4tigkeit bei. Pantothens\u00e4ure tr\u00e4gt zur normalen Synthese und zu einem normalen Stoffwechsel von Steroidhormonen bei.<\/p>\n","protected":false},"featured_media":0,"template":"","meta":{"_acf_changed":false},"product_brand":[341],"product_cat":[307],"product_tag":[],"class_list":{"0":"post-43623","1":"product","2":"type-product","3":"status-publish","5":"product_brand-espara","6":"product_cat-e","7":"pa_packungsgroesse-60-stueck","9":"first","10":"instock","11":"shipping-taxable","12":"purchasable","13":"product-type-simple"},"acf":[],"_links":{"self":[{"href":"https:\/\/www.hirtenberg-apotheke.at\/katalog\/wp-json\/wp\/v2\/product\/43623","targetHints":{"allow":["GET"]}}],"collection":[{"href":"https:\/\/www.hirtenberg-apotheke.at\/katalog\/wp-json\/wp\/v2\/product"}],"about":[{"href":"https:\/\/www.hirtenberg-apotheke.at\/katalog\/wp-json\/wp\/v2\/types\/product"}],"wp:attachment":[{"href":"https:\/\/www.hirtenberg-apotheke.at\/katalog\/wp-json\/wp\/v2\/media?parent=43623"}],"wp:term":[{"taxonomy":"product_brand","embeddable":true,"href":"https:\/\/www.hirtenberg-apotheke.at\/katalog\/wp-json\/wp\/v2\/product_brand?post=43623"},{"taxonomy":"product_cat","embeddable":true,"href":"https:\/\/www.hirtenberg-apotheke.at\/katalog\/wp-json\/wp\/v2\/product_cat?post=43623"},{"taxonomy":"product_tag","embeddable":true,"href":"https:\/\/www.hirtenberg-apotheke.at\/katalog\/wp-json\/wp\/v2\/product_tag?post=43623"}],"curies":[{"name":"wp","href":"https:\/\/api.w.org\/{rel}","templated":true}]}}