{"id":43662,"date":"2025-11-26T09:21:10","date_gmt":"2025-11-26T08:21:10","guid":{"rendered":"https:\/\/www.hirtenberg-apotheke.at\/katalog\/produkt\/lysoformin-spezial-desinfektion-konzentrat-1-l\/"},"modified":"2025-11-26T09:21:33","modified_gmt":"2025-11-26T08:21:33","slug":"lysoformin-spezial-desinfektion-konzentrat-1-l","status":"publish","type":"product","link":"https:\/\/www.hirtenberg-apotheke.at\/katalog\/produkt\/lysoformin-spezial-desinfektion-konzentrat-1-l\/","title":{"rendered":"Lysoformin Spezial Desinfektion Konzentrat 1 L"},"content":{"rendered":"<p>Lysoformin Spezial Desinfektion Konzentrat ist ein fl\u00fcssiges Konzentrat, mit dem jede gew\u00fcnschte Gebrauchsverd\u00fcnnung durch Zugabe von Wasser hergestellt werden kann.<\/p>\n","protected":false},"excerpt":{"rendered":"<p>Lysoformin Spezial Desinfektion Konzentrat ist ein fl\u00fcssiges Konzentrat, mit dem jede gew\u00fcnschte Gebrauchsverd\u00fcnnung durch Zugabe von Wasser hergestellt werden kann.<\/p>\n","protected":false},"featured_media":43664,"template":"","meta":{"_acf_changed":false},"product_brand":[],"product_cat":[317],"product_tag":[],"class_list":{"0":"post-43662","1":"product","2":"type-product","3":"status-publish","4":"has-post-thumbnail","6":"product_cat-l","7":"pa_packungsgroesse-1l","9":"first","10":"instock","11":"shipping-taxable","12":"purchasable","13":"product-type-simple"},"acf":[],"_links":{"self":[{"href":"https:\/\/www.hirtenberg-apotheke.at\/katalog\/wp-json\/wp\/v2\/product\/43662","targetHints":{"allow":["GET"]}}],"collection":[{"href":"https:\/\/www.hirtenberg-apotheke.at\/katalog\/wp-json\/wp\/v2\/product"}],"about":[{"href":"https:\/\/www.hirtenberg-apotheke.at\/katalog\/wp-json\/wp\/v2\/types\/product"}],"wp:featuredmedia":[{"embeddable":true,"href":"https:\/\/www.hirtenberg-apotheke.at\/katalog\/wp-json\/wp\/v2\/media\/43664"}],"wp:attachment":[{"href":"https:\/\/www.hirtenberg-apotheke.at\/katalog\/wp-json\/wp\/v2\/media?parent=43662"}],"wp:term":[{"taxonomy":"product_brand","embeddable":true,"href":"https:\/\/www.hirtenberg-apotheke.at\/katalog\/wp-json\/wp\/v2\/product_brand?post=43662"},{"taxonomy":"product_cat","embeddable":true,"href":"https:\/\/www.hirtenberg-apotheke.at\/katalog\/wp-json\/wp\/v2\/product_cat?post=43662"},{"taxonomy":"product_tag","embeddable":true,"href":"https:\/\/www.hirtenberg-apotheke.at\/katalog\/wp-json\/wp\/v2\/product_tag?post=43662"}],"curies":[{"name":"wp","href":"https:\/\/api.w.org\/{rel}","templated":true}]}}