{"id":43753,"date":"2025-11-26T09:22:28","date_gmt":"2025-11-26T08:22:28","guid":{"rendered":"https:\/\/www.hirtenberg-apotheke.at\/katalog\/produkt\/dermaplast-active-cool-fix-6-cm-x-4-m-1-stk\/"},"modified":"2025-11-26T09:23:07","modified_gmt":"2025-11-26T08:23:07","slug":"dermaplast-active-cool-fix-6-cm-x-4-m-1-stk","status":"publish","type":"product","link":"https:\/\/www.hirtenberg-apotheke.at\/katalog\/produkt\/dermaplast-active-cool-fix-6-cm-x-4-m-1-stk\/","title":{"rendered":"DermaPlast ACTIVE Cool Fix 6 cm x 4 m 1 Stk."},"content":{"rendered":"<p>DermaPlast\u00ae ACTIVE Cool Fix 6 cm x 4 m dient zur K\u00fchlung nach Prellungen, Zerrungen, Verstauchungen und Schwellungen. Die selbstk\u00fchlende St\u00fctzbinde kann direkt auf die Haut appliziert werden und hat eine leichte St\u00fctzfunktion. Die K\u00fchlwirkung h\u00e4lt \u00fcber 2 Stunden an. Die einzeln verpackte Binde ist praktisch f\u00fcr Zuhause und auch f\u00fcr unterwegs.<\/p>\n","protected":false},"excerpt":{"rendered":"<p>DermaPlast\u00ae ACTIVE Cool Fix 6 cm x 4 m dient zur K\u00fchlung nach Prellungen, Zerrungen, Verstauchungen und Schwellungen. Die selbstk\u00fchlende St\u00fctzbinde kann direkt auf die Haut appliziert werden und hat eine leichte St\u00fctzfunktion. Die K\u00fchlwirkung h\u00e4lt \u00fcber 2 Stunden an. Die einzeln verpackte Binde ist praktisch f\u00fcr Zuhause und auch f\u00fcr unterwegs.<\/p>\n","protected":false},"featured_media":43755,"template":"","meta":{"_acf_changed":false},"product_brand":[],"product_cat":[295],"product_tag":[],"class_list":{"0":"post-43753","1":"product","2":"type-product","3":"status-publish","4":"has-post-thumbnail","6":"product_cat-d","7":"pa_packungsgroesse-1-stueck","9":"first","10":"instock","11":"shipping-taxable","12":"purchasable","13":"product-type-simple"},"acf":[],"_links":{"self":[{"href":"https:\/\/www.hirtenberg-apotheke.at\/katalog\/wp-json\/wp\/v2\/product\/43753","targetHints":{"allow":["GET"]}}],"collection":[{"href":"https:\/\/www.hirtenberg-apotheke.at\/katalog\/wp-json\/wp\/v2\/product"}],"about":[{"href":"https:\/\/www.hirtenberg-apotheke.at\/katalog\/wp-json\/wp\/v2\/types\/product"}],"wp:featuredmedia":[{"embeddable":true,"href":"https:\/\/www.hirtenberg-apotheke.at\/katalog\/wp-json\/wp\/v2\/media\/43755"}],"wp:attachment":[{"href":"https:\/\/www.hirtenberg-apotheke.at\/katalog\/wp-json\/wp\/v2\/media?parent=43753"}],"wp:term":[{"taxonomy":"product_brand","embeddable":true,"href":"https:\/\/www.hirtenberg-apotheke.at\/katalog\/wp-json\/wp\/v2\/product_brand?post=43753"},{"taxonomy":"product_cat","embeddable":true,"href":"https:\/\/www.hirtenberg-apotheke.at\/katalog\/wp-json\/wp\/v2\/product_cat?post=43753"},{"taxonomy":"product_tag","embeddable":true,"href":"https:\/\/www.hirtenberg-apotheke.at\/katalog\/wp-json\/wp\/v2\/product_tag?post=43753"}],"curies":[{"name":"wp","href":"https:\/\/api.w.org\/{rel}","templated":true}]}}