{"id":43783,"date":"2025-11-26T09:23:16","date_gmt":"2025-11-26T08:23:16","guid":{"rendered":"https:\/\/www.hirtenberg-apotheke.at\/katalog\/produkt\/canal-haarpinzette-schraeg-satin-rostfrei\/"},"modified":"2025-11-26T09:23:39","modified_gmt":"2025-11-26T08:23:39","slug":"canal-haarpinzette-schraeg-satin-rostfrei","status":"publish","type":"product","link":"https:\/\/www.hirtenberg-apotheke.at\/katalog\/produkt\/canal-haarpinzette-schraeg-satin-rostfrei\/","title":{"rendered":"Canal Haarpinzette schr\u00e4g satin rostfrei"},"content":{"rendered":"<p>&#8211; Greift jedes Haar pr\u00e4zise<\/p>\n<p>&#8211; Angenehmes und schnelles Formen der Augenbrauen<\/p>\n<p>&#8211; Hygienisch und anti-allergen aufgrund rostfreiem Edelstahl<\/p>\n<p>L x B x H: 9 x 0,8 x 0,5 cm<\/p>\n<p><strong>Was unterscheidet canal Pinzetten von anderen?<\/strong><\/p>\n<p>Jede canal Haarpinzette wird von Hand geschliffen und zeichnet sich durch feinste Spitzen und genau aufeinander abgestimmte Greiffl\u00e4chen aus. Die perfekte Pinzette darf sich beim Zusammendr\u00fccken nicht \u00f6ffnen. Nur so wird jedes Haar direkt beim Zupfen pr\u00e4zise entfernt. Zum Formen der Augenbrauen die Pinzette schr\u00e4g zur Hautoberfl\u00e4che halten. Alle rostfreien canal Pinzetten sind nachschleifbar &#8211; umweltfreundlich, nachhaltig und garantierte lebenslange Freude.<\/p>\n<p><strong>Qualit\u00e4t sp\u00fcren und erleben!<\/strong><\/p>\n","protected":false},"excerpt":{"rendered":"<p>&#8211; Greift jedes Haar pr\u00e4zise &#8211; Angenehmes und schnelles Formen der Augenbrauen &#8211; Hygienisch und anti-allergen aufgrund rostfreiem Edelstahl L x B x H: 9 x 0,8 x 0,5 cm Was unterscheidet canal Pinzetten von anderen? Jede canal Haarpinzette wird von Hand geschliffen und zeichnet sich durch feinste Spitzen und genau aufeinander abgestimmte Greiffl\u00e4chen aus. [&hellip;]<\/p>\n","protected":false},"featured_media":43785,"template":"","meta":{"_acf_changed":false},"product_brand":[1123],"product_cat":[337],"product_tag":[],"class_list":{"0":"post-43783","1":"product","2":"type-product","3":"status-publish","4":"has-post-thumbnail","6":"product_brand-canal","7":"product_cat-c","8":"pa_packungsgroesse-1-stueck","10":"first","11":"instock","12":"shipping-taxable","13":"purchasable","14":"product-type-simple"},"acf":[],"_links":{"self":[{"href":"https:\/\/www.hirtenberg-apotheke.at\/katalog\/wp-json\/wp\/v2\/product\/43783","targetHints":{"allow":["GET"]}}],"collection":[{"href":"https:\/\/www.hirtenberg-apotheke.at\/katalog\/wp-json\/wp\/v2\/product"}],"about":[{"href":"https:\/\/www.hirtenberg-apotheke.at\/katalog\/wp-json\/wp\/v2\/types\/product"}],"wp:featuredmedia":[{"embeddable":true,"href":"https:\/\/www.hirtenberg-apotheke.at\/katalog\/wp-json\/wp\/v2\/media\/43785"}],"wp:attachment":[{"href":"https:\/\/www.hirtenberg-apotheke.at\/katalog\/wp-json\/wp\/v2\/media?parent=43783"}],"wp:term":[{"taxonomy":"product_brand","embeddable":true,"href":"https:\/\/www.hirtenberg-apotheke.at\/katalog\/wp-json\/wp\/v2\/product_brand?post=43783"},{"taxonomy":"product_cat","embeddable":true,"href":"https:\/\/www.hirtenberg-apotheke.at\/katalog\/wp-json\/wp\/v2\/product_cat?post=43783"},{"taxonomy":"product_tag","embeddable":true,"href":"https:\/\/www.hirtenberg-apotheke.at\/katalog\/wp-json\/wp\/v2\/product_tag?post=43783"}],"curies":[{"name":"wp","href":"https:\/\/api.w.org\/{rel}","templated":true}]}}