{"id":43786,"date":"2025-11-26T09:23:16","date_gmt":"2025-11-26T08:23:16","guid":{"rendered":"https:\/\/www.hirtenberg-apotheke.at\/katalog\/produkt\/ensbona-pferdesalbe\/"},"modified":"2025-11-26T09:23:43","modified_gmt":"2025-11-26T08:23:43","slug":"ensbona-pferdesalbe","status":"publish","type":"product","link":"https:\/\/www.hirtenberg-apotheke.at\/katalog\/produkt\/ensbona-pferdesalbe\/","title":{"rendered":"Ensbona\u00ae Pferdesalbe"},"content":{"rendered":"<p class=\"MsoNormal\">Ensbona\u00ae Pferdesalbe nach Original Hausrezeptur istbesonders wohltuend f\u00fcr die Haut. Aufgrund ihrer wertvollen Inhaltsstoffespendet sie empfindlicher Haut Feuchtigkeit und zieht schnell ein ohne zuverkleben. Gerade auch nach k\u00f6rperlicher Anstrengung und Erm\u00fcdung ist dieEnsbona\u00ae Pferdesalbe eine Wohltat. Sie k\u00fchlt und reaktiviert die beanspruchtenK\u00f6rperstellen.<\/p>\n<p class=\"MsoNormal\">Mit ihren ausgew\u00e4hlten Funktionsstoffen aus Kampfer, Rosmarin, Arnika und Rosskastanie erfrischt die Ensbona\u00ae Pferdesalbe K\u00f6rper und Geist.<\/p>\n<p class=\"MsoListParagraphCxSpFirst\">\u00b7<span>\u00a0\u00a0\u00a0\u00a0\u00a0\u00a0\u00a0\u00a0 <\/span>Menthol f\u00fcr den K\u00fchleffekt auf die Haut<\/p>\n<p class=\"MsoListParagraphCxSpMiddle\">\u00b7<span>\u00a0\u00a0\u00a0\u00a0\u00a0\u00a0\u00a0\u00a0 <\/span>Kampfer und Rosmarin um die Durchblutung anzuregen und die betroffenen Stellen nach einiger Zeit zu erw\u00e4rmen<\/p>\n<p class=\"MsoListParagraphCxSpLast\">\u00b7<span>\u00a0\u00a0\u00a0\u00a0\u00a0\u00a0\u00a0\u00a0 <\/span>Arnika wegen der schmerzlindernden Wirkung<\/p>\n<p class=\"MsoNormal\">Ein K\u00fchleffekt in Kombination mit einem Erw\u00e4rmungseffekt mag nach einem Widerspruch klingen, aber besonders diese Warm-Kalt-Wirkung hilft effektiv gegen Muskelschmerzen zu wirken. <\/p>\n<p>   Ensbona\u00ae Pferdesalbe einfach auf die beanspruchten Stellen auftragen und einreiben.<\/p>\n","protected":false},"excerpt":{"rendered":"<p>Ensbona\u00ae Pferdesalbe nach Original Hausrezeptur istbesonders wohltuend f\u00fcr die Haut. Aufgrund ihrer wertvollen Inhaltsstoffespendet sie empfindlicher Haut Feuchtigkeit und zieht schnell ein ohne zuverkleben. Gerade auch nach k\u00f6rperlicher Anstrengung und Erm\u00fcdung ist dieEnsbona\u00ae Pferdesalbe eine Wohltat. Sie k\u00fchlt und reaktiviert die beanspruchtenK\u00f6rperstellen. Mit ihren ausgew\u00e4hlten Funktionsstoffen aus Kampfer, Rosmarin, Arnika und Rosskastanie erfrischt die Ensbona\u00ae [&hellip;]<\/p>\n","protected":false},"featured_media":43788,"template":"","meta":{"_acf_changed":false},"product_brand":[],"product_cat":[307],"product_tag":[],"class_list":{"0":"post-43786","1":"product","2":"type-product","3":"status-publish","4":"has-post-thumbnail","6":"product_cat-e","7":"pa_farbe-gruen","8":"pa_packungsgroesse-30ml","10":"first","11":"instock","12":"shipping-taxable","13":"purchasable","14":"product-type-simple"},"acf":[],"_links":{"self":[{"href":"https:\/\/www.hirtenberg-apotheke.at\/katalog\/wp-json\/wp\/v2\/product\/43786","targetHints":{"allow":["GET"]}}],"collection":[{"href":"https:\/\/www.hirtenberg-apotheke.at\/katalog\/wp-json\/wp\/v2\/product"}],"about":[{"href":"https:\/\/www.hirtenberg-apotheke.at\/katalog\/wp-json\/wp\/v2\/types\/product"}],"wp:featuredmedia":[{"embeddable":true,"href":"https:\/\/www.hirtenberg-apotheke.at\/katalog\/wp-json\/wp\/v2\/media\/43788"}],"wp:attachment":[{"href":"https:\/\/www.hirtenberg-apotheke.at\/katalog\/wp-json\/wp\/v2\/media?parent=43786"}],"wp:term":[{"taxonomy":"product_brand","embeddable":true,"href":"https:\/\/www.hirtenberg-apotheke.at\/katalog\/wp-json\/wp\/v2\/product_brand?post=43786"},{"taxonomy":"product_cat","embeddable":true,"href":"https:\/\/www.hirtenberg-apotheke.at\/katalog\/wp-json\/wp\/v2\/product_cat?post=43786"},{"taxonomy":"product_tag","embeddable":true,"href":"https:\/\/www.hirtenberg-apotheke.at\/katalog\/wp-json\/wp\/v2\/product_tag?post=43786"}],"curies":[{"name":"wp","href":"https:\/\/api.w.org\/{rel}","templated":true}]}}