{"id":43853,"date":"2025-11-26T09:24:40","date_gmt":"2025-11-26T08:24:40","guid":{"rendered":"https:\/\/www.hirtenberg-apotheke.at\/katalog\/produkt\/kozbach-saphirfeile-1-stk-18-cm-18\/"},"modified":"2025-11-26T09:25:06","modified_gmt":"2025-11-26T08:25:06","slug":"kozbach-saphirfeile-1-stk-18-cm-18","status":"publish","type":"product","link":"https:\/\/www.hirtenberg-apotheke.at\/katalog\/produkt\/kozbach-saphirfeile-1-stk-18-cm-18\/","title":{"rendered":"Kozbach Saphirfeile 1 Stk. 18 cm 18"},"content":{"rendered":"<p>Das Unternehmen Kozbach hat es sich als langj\u00e4hriges Traditionsunternehmen zum Ziel gesetzt, Qualit\u00e4t und Innovation als Unternehmensphilosophie zu betrachten. Qualit\u00e4t &#8211; Innovation &#8211; Know-How seit 1976<\/p>\n","protected":false},"excerpt":{"rendered":"<p>Das Unternehmen Kozbach hat es sich als langj\u00e4hriges Traditionsunternehmen zum Ziel gesetzt, Qualit\u00e4t und Innovation als Unternehmensphilosophie zu betrachten. Qualit\u00e4t &#8211; Innovation &#8211; Know-How seit 1976<\/p>\n","protected":false},"featured_media":0,"template":"","meta":{"_acf_changed":false},"product_brand":[786],"product_cat":[387],"product_tag":[],"class_list":{"0":"post-43853","1":"product","2":"type-product","3":"status-publish","5":"product_brand-kozbach","6":"product_cat-k","7":"pa_packungsgroesse-1-stueck","9":"first","10":"instock","11":"shipping-taxable","12":"purchasable","13":"product-type-simple"},"acf":[],"_links":{"self":[{"href":"https:\/\/www.hirtenberg-apotheke.at\/katalog\/wp-json\/wp\/v2\/product\/43853","targetHints":{"allow":["GET"]}}],"collection":[{"href":"https:\/\/www.hirtenberg-apotheke.at\/katalog\/wp-json\/wp\/v2\/product"}],"about":[{"href":"https:\/\/www.hirtenberg-apotheke.at\/katalog\/wp-json\/wp\/v2\/types\/product"}],"wp:attachment":[{"href":"https:\/\/www.hirtenberg-apotheke.at\/katalog\/wp-json\/wp\/v2\/media?parent=43853"}],"wp:term":[{"taxonomy":"product_brand","embeddable":true,"href":"https:\/\/www.hirtenberg-apotheke.at\/katalog\/wp-json\/wp\/v2\/product_brand?post=43853"},{"taxonomy":"product_cat","embeddable":true,"href":"https:\/\/www.hirtenberg-apotheke.at\/katalog\/wp-json\/wp\/v2\/product_cat?post=43853"},{"taxonomy":"product_tag","embeddable":true,"href":"https:\/\/www.hirtenberg-apotheke.at\/katalog\/wp-json\/wp\/v2\/product_tag?post=43853"}],"curies":[{"name":"wp","href":"https:\/\/api.w.org\/{rel}","templated":true}]}}