{"id":43886,"date":"2025-11-26T09:25:19","date_gmt":"2025-11-26T08:25:19","guid":{"rendered":"https:\/\/www.hirtenberg-apotheke.at\/katalog\/produkt\/nicapur-vitamin-b12-500-kapseln-60-stk\/"},"modified":"2025-11-26T09:26:01","modified_gmt":"2025-11-26T08:26:01","slug":"nicapur-vitamin-b12-500-kapseln-60-stk","status":"publish","type":"product","link":"https:\/\/www.hirtenberg-apotheke.at\/katalog\/produkt\/nicapur-vitamin-b12-500-kapseln-60-stk\/","title":{"rendered":"Nicapur Vitamin B12 500 Kapseln 60 Stk."},"content":{"rendered":"<p>Vitamin B12 (Cobalamin) ist ein wasserl\u00f6sliches Vitamin der B-Gruppe, das vor allem in tierischen Lebensmitteln vorkommt. Da wir es nicht eigenst\u00e4ndig bilden k\u00f6nnen, sind wir von der ausreichenden Zufuhr von au\u00dfen angewiesen. Es wird im menschlichen K\u00f6rper mit Hilfe eines speziellen Eiwei\u00dfes \u00fcber den D\u00fcnndarm aufgenommen und von dort ins Blut transportiert. In der Leber kann Vitamin B12 \u00fcber einen l\u00e4ngeren Zeitraum gespeichert werden. Deshalb macht sich mangelnde Versorgung erst nach einiger Zeit bemerkbar. Ebenso die eingeschr\u00e4nkte Aufnahmekapazit\u00e4t des Darms mit zunehmendem Alter kann zu einem erh\u00f6hten Bedarf f\u00fchren. Drei Mikrogramm t\u00e4glich: So viel Vitamin B12 empfiehlt die Deutsche Gesellschaft f\u00fcr Ern\u00e4hrung f\u00fcr einen gesunden erwachsenen Menschen. Es gibt aber auch Personengruppen, die einen erh\u00f6hten Bedarf haben. Dazu geh\u00f6ren etwa Vegetarier und Veganer, Sportlich Aktive (wichtig f\u00fcr den Muskelaufbau) sowie Menschen, die erh\u00f6htem Stress ausgesetzt sind.<\/p>\n","protected":false},"excerpt":{"rendered":"<p>Vitamin B12 (Cobalamin) ist ein wasserl\u00f6sliches Vitamin der B-Gruppe, das vor allem in tierischen Lebensmitteln vorkommt. Da wir es nicht eigenst\u00e4ndig bilden k\u00f6nnen, sind wir von der ausreichenden Zufuhr von au\u00dfen angewiesen. Es wird im menschlichen K\u00f6rper mit Hilfe eines speziellen Eiwei\u00dfes \u00fcber den D\u00fcnndarm aufgenommen und von dort ins Blut transportiert. In der Leber [&hellip;]<\/p>\n","protected":false},"featured_media":43888,"template":"","meta":{"_acf_changed":false},"product_brand":[309],"product_cat":[310],"product_tag":[],"class_list":{"0":"post-43886","1":"product","2":"type-product","3":"status-publish","4":"has-post-thumbnail","6":"product_brand-nicapur","7":"product_cat-n","8":"pa_packungsgroesse-60-stueck","10":"first","11":"instock","12":"shipping-taxable","13":"purchasable","14":"product-type-simple"},"acf":[],"_links":{"self":[{"href":"https:\/\/www.hirtenberg-apotheke.at\/katalog\/wp-json\/wp\/v2\/product\/43886","targetHints":{"allow":["GET"]}}],"collection":[{"href":"https:\/\/www.hirtenberg-apotheke.at\/katalog\/wp-json\/wp\/v2\/product"}],"about":[{"href":"https:\/\/www.hirtenberg-apotheke.at\/katalog\/wp-json\/wp\/v2\/types\/product"}],"wp:featuredmedia":[{"embeddable":true,"href":"https:\/\/www.hirtenberg-apotheke.at\/katalog\/wp-json\/wp\/v2\/media\/43888"}],"wp:attachment":[{"href":"https:\/\/www.hirtenberg-apotheke.at\/katalog\/wp-json\/wp\/v2\/media?parent=43886"}],"wp:term":[{"taxonomy":"product_brand","embeddable":true,"href":"https:\/\/www.hirtenberg-apotheke.at\/katalog\/wp-json\/wp\/v2\/product_brand?post=43886"},{"taxonomy":"product_cat","embeddable":true,"href":"https:\/\/www.hirtenberg-apotheke.at\/katalog\/wp-json\/wp\/v2\/product_cat?post=43886"},{"taxonomy":"product_tag","embeddable":true,"href":"https:\/\/www.hirtenberg-apotheke.at\/katalog\/wp-json\/wp\/v2\/product_tag?post=43886"}],"curies":[{"name":"wp","href":"https:\/\/api.w.org\/{rel}","templated":true}]}}