{"id":43895,"date":"2025-11-26T09:25:19","date_gmt":"2025-11-26T08:25:19","guid":{"rendered":"https:\/\/www.hirtenberg-apotheke.at\/katalog\/produkt\/nicapur-omega-3-liquid-850-150-ml\/"},"modified":"2025-11-26T09:26:13","modified_gmt":"2025-11-26T08:26:13","slug":"nicapur-omega-3-liquid-850-150-ml","status":"publish","type":"product","link":"https:\/\/www.hirtenberg-apotheke.at\/katalog\/produkt\/nicapur-omega-3-liquid-850-150-ml\/","title":{"rendered":"Nicapur Omega 3 liquid 850 150 ml"},"content":{"rendered":"<p>Nicapur Omega 3 liquid 850 ist ein Nahrungserg\u00e4nzungsmittel in Form eines \u00d6ls mit den Omega-3 Fetts\u00e4uren Docosahexaens\u00e4ure (DHA) und Eicosapentaens\u00e4ure (EPA). EPA und DHA tragen zu einer normalen Herzfunktion bei. DHA unterst\u00fctzt zus\u00e4tzlich eine normale Funktion des Gehirns.<\/p>\n","protected":false},"excerpt":{"rendered":"<p>Nicapur Omega 3 liquid 850 ist ein Nahrungserg\u00e4nzungsmittel in Form eines \u00d6ls mit den Omega-3 Fetts\u00e4uren Docosahexaens\u00e4ure (DHA) und Eicosapentaens\u00e4ure (EPA). EPA und DHA tragen zu einer normalen Herzfunktion bei. DHA unterst\u00fctzt zus\u00e4tzlich eine normale Funktion des Gehirns.<\/p>\n","protected":false},"featured_media":43897,"template":"","meta":{"_acf_changed":false},"product_brand":[309],"product_cat":[310],"product_tag":[],"class_list":{"0":"post-43895","1":"product","2":"type-product","3":"status-publish","4":"has-post-thumbnail","6":"product_brand-nicapur","7":"product_cat-n","8":"pa_packungsgroesse-150ml","10":"first","11":"instock","12":"shipping-taxable","13":"purchasable","14":"product-type-simple"},"acf":[],"_links":{"self":[{"href":"https:\/\/www.hirtenberg-apotheke.at\/katalog\/wp-json\/wp\/v2\/product\/43895","targetHints":{"allow":["GET"]}}],"collection":[{"href":"https:\/\/www.hirtenberg-apotheke.at\/katalog\/wp-json\/wp\/v2\/product"}],"about":[{"href":"https:\/\/www.hirtenberg-apotheke.at\/katalog\/wp-json\/wp\/v2\/types\/product"}],"wp:featuredmedia":[{"embeddable":true,"href":"https:\/\/www.hirtenberg-apotheke.at\/katalog\/wp-json\/wp\/v2\/media\/43897"}],"wp:attachment":[{"href":"https:\/\/www.hirtenberg-apotheke.at\/katalog\/wp-json\/wp\/v2\/media?parent=43895"}],"wp:term":[{"taxonomy":"product_brand","embeddable":true,"href":"https:\/\/www.hirtenberg-apotheke.at\/katalog\/wp-json\/wp\/v2\/product_brand?post=43895"},{"taxonomy":"product_cat","embeddable":true,"href":"https:\/\/www.hirtenberg-apotheke.at\/katalog\/wp-json\/wp\/v2\/product_cat?post=43895"},{"taxonomy":"product_tag","embeddable":true,"href":"https:\/\/www.hirtenberg-apotheke.at\/katalog\/wp-json\/wp\/v2\/product_tag?post=43895"}],"curies":[{"name":"wp","href":"https:\/\/api.w.org\/{rel}","templated":true}]}}