{"id":43989,"date":"2025-11-26T09:27:21","date_gmt":"2025-11-26T08:27:21","guid":{"rendered":"https:\/\/www.hirtenberg-apotheke.at\/katalog\/produkt\/metacare-zink-kapseln-60-stk\/"},"modified":"2025-11-26T09:27:58","modified_gmt":"2025-11-26T08:27:58","slug":"metacare-zink-kapseln-60-stk","status":"publish","type":"product","link":"https:\/\/www.hirtenberg-apotheke.at\/katalog\/produkt\/metacare-zink-kapseln-60-stk\/","title":{"rendered":"Metacare Zink + Kapseln 60 Stk."},"content":{"rendered":"<p>Metacare Zink + Kapseln tragen zur Zellerneuerung, zur Aufrechterhaltung normaler Haut, eines normalen Hormonhaushalts sowie der Ausbildung normaler N\u00e4gel bei. Zink z\u00e4hlt zu den essentiellen Spurenelementen, ein ausgewogener Zinkhaushalt ist somit f\u00fcr einen gesunden K\u00f6rper unverzichtbar &#8211; profitieren Sie von hohen Rabatten und dem gro\u00dfen Sortiment einer Standortapotheke!<\/p>\n","protected":false},"excerpt":{"rendered":"<p>Metacare Zink + Kapseln tragen zur Zellerneuerung, zur Aufrechterhaltung normaler Haut, eines normalen Hormonhaushalts sowie der Ausbildung normaler N\u00e4gel bei. Zink z\u00e4hlt zu den essentiellen Spurenelementen, ein ausgewogener Zinkhaushalt ist somit f\u00fcr einen gesunden K\u00f6rper unverzichtbar &#8211; profitieren Sie von hohen Rabatten und dem gro\u00dfen Sortiment einer Standortapotheke!<\/p>\n","protected":false},"featured_media":43991,"template":"","meta":{"_acf_changed":false},"product_brand":[],"product_cat":[308],"product_tag":[],"class_list":{"0":"post-43989","1":"product","2":"type-product","3":"status-publish","4":"has-post-thumbnail","6":"product_cat-m","7":"pa_packungsgroesse-60-stueck","9":"first","10":"instock","11":"shipping-taxable","12":"purchasable","13":"product-type-simple"},"acf":[],"_links":{"self":[{"href":"https:\/\/www.hirtenberg-apotheke.at\/katalog\/wp-json\/wp\/v2\/product\/43989","targetHints":{"allow":["GET"]}}],"collection":[{"href":"https:\/\/www.hirtenberg-apotheke.at\/katalog\/wp-json\/wp\/v2\/product"}],"about":[{"href":"https:\/\/www.hirtenberg-apotheke.at\/katalog\/wp-json\/wp\/v2\/types\/product"}],"wp:featuredmedia":[{"embeddable":true,"href":"https:\/\/www.hirtenberg-apotheke.at\/katalog\/wp-json\/wp\/v2\/media\/43991"}],"wp:attachment":[{"href":"https:\/\/www.hirtenberg-apotheke.at\/katalog\/wp-json\/wp\/v2\/media?parent=43989"}],"wp:term":[{"taxonomy":"product_brand","embeddable":true,"href":"https:\/\/www.hirtenberg-apotheke.at\/katalog\/wp-json\/wp\/v2\/product_brand?post=43989"},{"taxonomy":"product_cat","embeddable":true,"href":"https:\/\/www.hirtenberg-apotheke.at\/katalog\/wp-json\/wp\/v2\/product_cat?post=43989"},{"taxonomy":"product_tag","embeddable":true,"href":"https:\/\/www.hirtenberg-apotheke.at\/katalog\/wp-json\/wp\/v2\/product_tag?post=43989"}],"curies":[{"name":"wp","href":"https:\/\/api.w.org\/{rel}","templated":true}]}}