{"id":44083,"date":"2025-11-26T09:29:02","date_gmt":"2025-11-26T08:29:02","guid":{"rendered":"https:\/\/www.hirtenberg-apotheke.at\/katalog\/produkt\/nippes-nagelknipser-126-1-stk\/"},"modified":"2025-11-26T09:29:25","modified_gmt":"2025-11-26T08:29:25","slug":"nippes-nagelknipser-126-1-stk","status":"publish","type":"product","link":"https:\/\/www.hirtenberg-apotheke.at\/katalog\/produkt\/nippes-nagelknipser-126-1-stk\/","title":{"rendered":"Nippes Nagelknipser 126 1 Stk."},"content":{"rendered":"<p>Nippes Nagelknipser 126 ist ein Knipser der Spitzenklasse, der Ihnen zu besonders sch\u00f6nen F\u00fc\u00dfen verhilft. Nat\u00fcrlich ist auch dieses Produkt  so wie alle Produkte von Nippes  aus hochwertigen Materialien und von Hand gefertigt \u2013<\/p>\n","protected":false},"excerpt":{"rendered":"<p>Nippes Nagelknipser 126 ist ein Knipser der Spitzenklasse, der Ihnen zu besonders sch\u00f6nen F\u00fc\u00dfen verhilft. Nat\u00fcrlich ist auch dieses Produkt so wie alle Produkte von Nippes aus hochwertigen Materialien und von Hand gefertigt \u2013<\/p>\n","protected":false},"featured_media":0,"template":"","meta":{"_acf_changed":false},"product_brand":[684],"product_cat":[310],"product_tag":[],"class_list":{"0":"post-44083","1":"product","2":"type-product","3":"status-publish","5":"product_brand-nippes","6":"product_cat-n","7":"pa_packungsgroesse-1-stueck","9":"first","10":"instock","11":"shipping-taxable","12":"purchasable","13":"product-type-simple"},"acf":[],"_links":{"self":[{"href":"https:\/\/www.hirtenberg-apotheke.at\/katalog\/wp-json\/wp\/v2\/product\/44083","targetHints":{"allow":["GET"]}}],"collection":[{"href":"https:\/\/www.hirtenberg-apotheke.at\/katalog\/wp-json\/wp\/v2\/product"}],"about":[{"href":"https:\/\/www.hirtenberg-apotheke.at\/katalog\/wp-json\/wp\/v2\/types\/product"}],"wp:attachment":[{"href":"https:\/\/www.hirtenberg-apotheke.at\/katalog\/wp-json\/wp\/v2\/media?parent=44083"}],"wp:term":[{"taxonomy":"product_brand","embeddable":true,"href":"https:\/\/www.hirtenberg-apotheke.at\/katalog\/wp-json\/wp\/v2\/product_brand?post=44083"},{"taxonomy":"product_cat","embeddable":true,"href":"https:\/\/www.hirtenberg-apotheke.at\/katalog\/wp-json\/wp\/v2\/product_cat?post=44083"},{"taxonomy":"product_tag","embeddable":true,"href":"https:\/\/www.hirtenberg-apotheke.at\/katalog\/wp-json\/wp\/v2\/product_tag?post=44083"}],"curies":[{"name":"wp","href":"https:\/\/api.w.org\/{rel}","templated":true}]}}