{"id":44106,"date":"2025-11-26T09:29:31","date_gmt":"2025-11-26T08:29:31","guid":{"rendered":"https:\/\/www.hirtenberg-apotheke.at\/katalog\/produkt\/nicapur-kupfer-kapseln-60-stk\/"},"modified":"2025-11-26T09:29:50","modified_gmt":"2025-11-26T08:29:50","slug":"nicapur-kupfer-kapseln-60-stk","status":"publish","type":"product","link":"https:\/\/www.hirtenberg-apotheke.at\/katalog\/produkt\/nicapur-kupfer-kapseln-60-stk\/","title":{"rendered":"Nicapur Kupfer Kapseln 60 Stk."},"content":{"rendered":"<p>Ein hochwertiges Kupfer-Nahrungserg\u00e4nzungsmittel mit dem Spurenelement Kupfer zur Verbesserung der Versorgung. Kupfer unterst\u00fctzt die normalen Funktionen des Immun- und des Nervensystems. Es tr\u00e4gt zur Erhaltung des Bindegewebes bei. Kupfer ist am Energiestoffwechsel beteiligt und wird f\u00fcr den Transport von Eisen im K\u00f6rper ben\u00f6tigt<\/p>\n","protected":false},"excerpt":{"rendered":"<p>Ein hochwertiges Kupfer-Nahrungserg\u00e4nzungsmittel mit dem Spurenelement Kupfer zur Verbesserung der Versorgung. Kupfer unterst\u00fctzt die normalen Funktionen des Immun- und des Nervensystems. Es tr\u00e4gt zur Erhaltung des Bindegewebes bei. Kupfer ist am Energiestoffwechsel beteiligt und wird f\u00fcr den Transport von Eisen im K\u00f6rper ben\u00f6tigt<\/p>\n","protected":false},"featured_media":0,"template":"","meta":{"_acf_changed":false},"product_brand":[309],"product_cat":[310],"product_tag":[],"class_list":{"0":"post-44106","1":"product","2":"type-product","3":"status-publish","5":"product_brand-nicapur","6":"product_cat-n","7":"pa_packungsgroesse-60-stueck","9":"first","10":"instock","11":"shipping-taxable","12":"purchasable","13":"product-type-simple"},"acf":[],"_links":{"self":[{"href":"https:\/\/www.hirtenberg-apotheke.at\/katalog\/wp-json\/wp\/v2\/product\/44106","targetHints":{"allow":["GET"]}}],"collection":[{"href":"https:\/\/www.hirtenberg-apotheke.at\/katalog\/wp-json\/wp\/v2\/product"}],"about":[{"href":"https:\/\/www.hirtenberg-apotheke.at\/katalog\/wp-json\/wp\/v2\/types\/product"}],"wp:attachment":[{"href":"https:\/\/www.hirtenberg-apotheke.at\/katalog\/wp-json\/wp\/v2\/media?parent=44106"}],"wp:term":[{"taxonomy":"product_brand","embeddable":true,"href":"https:\/\/www.hirtenberg-apotheke.at\/katalog\/wp-json\/wp\/v2\/product_brand?post=44106"},{"taxonomy":"product_cat","embeddable":true,"href":"https:\/\/www.hirtenberg-apotheke.at\/katalog\/wp-json\/wp\/v2\/product_cat?post=44106"},{"taxonomy":"product_tag","embeddable":true,"href":"https:\/\/www.hirtenberg-apotheke.at\/katalog\/wp-json\/wp\/v2\/product_tag?post=44106"}],"curies":[{"name":"wp","href":"https:\/\/api.w.org\/{rel}","templated":true}]}}