{"id":44112,"date":"2025-11-26T09:29:31","date_gmt":"2025-11-26T08:29:31","guid":{"rendered":"https:\/\/www.hirtenberg-apotheke.at\/katalog\/produkt\/nicapur-basenpulver-sticks-30-stk\/"},"modified":"2025-11-26T09:30:09","modified_gmt":"2025-11-26T08:30:09","slug":"nicapur-basenpulver-sticks-30-stk","status":"publish","type":"product","link":"https:\/\/www.hirtenberg-apotheke.at\/katalog\/produkt\/nicapur-basenpulver-sticks-30-stk\/","title":{"rendered":"Nicapur Basenpulver Sticks 30 Stk."},"content":{"rendered":"<p>Nicapur Basenpulver ist ein Nahrungserg\u00e4nzungsmittel mit ausgew\u00e4hlten Mineralstoffverbindungen und dem Spurenelement Zink, das einen wesentlichen Beitrag zu einem normalen S\u00e4ure-Basen-Stoffwechsel leistet.<\/p>\n","protected":false},"excerpt":{"rendered":"<p>Nicapur Basenpulver ist ein Nahrungserg\u00e4nzungsmittel mit ausgew\u00e4hlten Mineralstoffverbindungen und dem Spurenelement Zink, das einen wesentlichen Beitrag zu einem normalen S\u00e4ure-Basen-Stoffwechsel leistet.<\/p>\n","protected":false},"featured_media":44114,"template":"","meta":{"_acf_changed":false},"product_brand":[309],"product_cat":[310],"product_tag":[],"class_list":{"0":"post-44112","1":"product","2":"type-product","3":"status-publish","4":"has-post-thumbnail","6":"product_brand-nicapur","7":"product_cat-n","8":"pa_packungsgroesse-30-stueck","10":"first","11":"instock","12":"shipping-taxable","13":"purchasable","14":"product-type-simple"},"acf":[],"_links":{"self":[{"href":"https:\/\/www.hirtenberg-apotheke.at\/katalog\/wp-json\/wp\/v2\/product\/44112","targetHints":{"allow":["GET"]}}],"collection":[{"href":"https:\/\/www.hirtenberg-apotheke.at\/katalog\/wp-json\/wp\/v2\/product"}],"about":[{"href":"https:\/\/www.hirtenberg-apotheke.at\/katalog\/wp-json\/wp\/v2\/types\/product"}],"wp:featuredmedia":[{"embeddable":true,"href":"https:\/\/www.hirtenberg-apotheke.at\/katalog\/wp-json\/wp\/v2\/media\/44114"}],"wp:attachment":[{"href":"https:\/\/www.hirtenberg-apotheke.at\/katalog\/wp-json\/wp\/v2\/media?parent=44112"}],"wp:term":[{"taxonomy":"product_brand","embeddable":true,"href":"https:\/\/www.hirtenberg-apotheke.at\/katalog\/wp-json\/wp\/v2\/product_brand?post=44112"},{"taxonomy":"product_cat","embeddable":true,"href":"https:\/\/www.hirtenberg-apotheke.at\/katalog\/wp-json\/wp\/v2\/product_cat?post=44112"},{"taxonomy":"product_tag","embeddable":true,"href":"https:\/\/www.hirtenberg-apotheke.at\/katalog\/wp-json\/wp\/v2\/product_tag?post=44112"}],"curies":[{"name":"wp","href":"https:\/\/api.w.org\/{rel}","templated":true}]}}