{"id":44213,"date":"2025-11-26T09:32:21","date_gmt":"2025-11-26T08:32:21","guid":{"rendered":"https:\/\/www.hirtenberg-apotheke.at\/katalog\/produkt\/canal-hautschere-gebogen-rostfrei\/"},"modified":"2025-11-26T09:32:24","modified_gmt":"2025-11-26T08:32:24","slug":"canal-hautschere-gebogen-rostfrei","status":"publish","type":"product","link":"https:\/\/www.hirtenberg-apotheke.at\/katalog\/produkt\/canal-hautschere-gebogen-rostfrei\/","title":{"rendered":"Canal Hautschere gebogen rostfrei"},"content":{"rendered":"<p>&#8211; Leichtes Schneiden \u00fcbersch\u00fcssiger Nagelhaut<\/p>\n<p>&#8211; Hygienisch und anti-allergen aufgrund rostfreiem Edelstahl<\/p>\n<p>&#8211; auch f\u00fcr Linksh\u00e4nder geeignet<\/p>\n<p>L x B x H: 9 x 4,5 x 0,4 cm<\/p>\n<p><strong>Was unterscheidet Canal Scheren von anderen?<\/strong><\/p>\n<p>Jede canal Schere wird von Hand geschliffen und zeichnet sich durch feinste Spitzen und genau aufeinander abgestimmte Schneidfl\u00e4chen aus. Die perfekte Scherenspitze schlie\u00dft beim Schneiden. Die feine Spitze der Hautschere schneidet \u00fcbersch\u00fcssige Nagelhaut leicht und rupft nicht wie g\u00e4ngige Hautscheren. Dies f\u00f6rdert die Nagelgesundheit und f\u00fchrt zu sch\u00f6ner und gepflegter Nagelhaut. Auch f\u00fcr Linksh\u00e4nder geeignet. Alle rostfreien canal Scheren sind nachschleifbar und das Schraubengewinde kann jederzeit nachgezogen werden &#8211; umweltfreundlich, nachhaltig und garantierte lebenslange Freude.<\/p>\n<p><strong>Qualit\u00e4t sp\u00fcren und erleben!<\/strong><\/p>\n","protected":false},"excerpt":{"rendered":"<p>&#8211; Leichtes Schneiden \u00fcbersch\u00fcssiger Nagelhaut &#8211; Hygienisch und anti-allergen aufgrund rostfreiem Edelstahl &#8211; auch f\u00fcr Linksh\u00e4nder geeignet L x B x H: 9 x 4,5 x 0,4 cm Was unterscheidet Canal Scheren von anderen? Jede canal Schere wird von Hand geschliffen und zeichnet sich durch feinste Spitzen und genau aufeinander abgestimmte Schneidfl\u00e4chen aus. Die perfekte [&hellip;]<\/p>\n","protected":false},"featured_media":44215,"template":"","meta":{"_acf_changed":false},"product_brand":[1123],"product_cat":[337],"product_tag":[],"class_list":{"0":"post-44213","1":"product","2":"type-product","3":"status-publish","4":"has-post-thumbnail","6":"product_brand-canal","7":"product_cat-c","8":"pa_packungsgroesse-1-stueck","10":"first","11":"instock","12":"shipping-taxable","13":"purchasable","14":"product-type-simple"},"acf":[],"_links":{"self":[{"href":"https:\/\/www.hirtenberg-apotheke.at\/katalog\/wp-json\/wp\/v2\/product\/44213","targetHints":{"allow":["GET"]}}],"collection":[{"href":"https:\/\/www.hirtenberg-apotheke.at\/katalog\/wp-json\/wp\/v2\/product"}],"about":[{"href":"https:\/\/www.hirtenberg-apotheke.at\/katalog\/wp-json\/wp\/v2\/types\/product"}],"wp:featuredmedia":[{"embeddable":true,"href":"https:\/\/www.hirtenberg-apotheke.at\/katalog\/wp-json\/wp\/v2\/media\/44215"}],"wp:attachment":[{"href":"https:\/\/www.hirtenberg-apotheke.at\/katalog\/wp-json\/wp\/v2\/media?parent=44213"}],"wp:term":[{"taxonomy":"product_brand","embeddable":true,"href":"https:\/\/www.hirtenberg-apotheke.at\/katalog\/wp-json\/wp\/v2\/product_brand?post=44213"},{"taxonomy":"product_cat","embeddable":true,"href":"https:\/\/www.hirtenberg-apotheke.at\/katalog\/wp-json\/wp\/v2\/product_cat?post=44213"},{"taxonomy":"product_tag","embeddable":true,"href":"https:\/\/www.hirtenberg-apotheke.at\/katalog\/wp-json\/wp\/v2\/product_tag?post=44213"}],"curies":[{"name":"wp","href":"https:\/\/api.w.org\/{rel}","templated":true}]}}