{"id":44289,"date":"2025-11-26T09:33:36","date_gmt":"2025-11-26T08:33:36","guid":{"rendered":"https:\/\/www.hirtenberg-apotheke.at\/katalog\/produkt\/weissdorn-ginkgo-elixier-bio-330-ml\/"},"modified":"2025-11-26T09:33:47","modified_gmt":"2025-11-26T08:33:47","slug":"weissdorn-ginkgo-elixier-bio-330-ml","status":"publish","type":"product","link":"https:\/\/www.hirtenberg-apotheke.at\/katalog\/produkt\/weissdorn-ginkgo-elixier-bio-330-ml\/","title":{"rendered":"Wei\u00dfdorn Ginkgo Elixier Bio 330 ml"},"content":{"rendered":"<p>Wei\u00dfdorn Ginkgo Elixier Bio wirkt st\u00e4rkend und vitalisierend. Gingko wirkt belebend und unterst\u00fctzend bei geistiger Beanspruchung.<\/p>\n","protected":false},"excerpt":{"rendered":"<p>Wei\u00dfdorn Ginkgo Elixier Bio wirkt st\u00e4rkend und vitalisierend. Gingko wirkt belebend und unterst\u00fctzend bei geistiger Beanspruchung.<\/p>\n","protected":false},"featured_media":0,"template":"","meta":{"_acf_changed":false},"product_brand":[],"product_cat":[368],"product_tag":[],"class_list":{"0":"post-44289","1":"product","2":"type-product","3":"status-publish","5":"product_cat-w","6":"pa_packungsgroesse-330ml","8":"first","9":"instock","10":"shipping-taxable","11":"purchasable","12":"product-type-simple"},"acf":[],"_links":{"self":[{"href":"https:\/\/www.hirtenberg-apotheke.at\/katalog\/wp-json\/wp\/v2\/product\/44289","targetHints":{"allow":["GET"]}}],"collection":[{"href":"https:\/\/www.hirtenberg-apotheke.at\/katalog\/wp-json\/wp\/v2\/product"}],"about":[{"href":"https:\/\/www.hirtenberg-apotheke.at\/katalog\/wp-json\/wp\/v2\/types\/product"}],"wp:attachment":[{"href":"https:\/\/www.hirtenberg-apotheke.at\/katalog\/wp-json\/wp\/v2\/media?parent=44289"}],"wp:term":[{"taxonomy":"product_brand","embeddable":true,"href":"https:\/\/www.hirtenberg-apotheke.at\/katalog\/wp-json\/wp\/v2\/product_brand?post=44289"},{"taxonomy":"product_cat","embeddable":true,"href":"https:\/\/www.hirtenberg-apotheke.at\/katalog\/wp-json\/wp\/v2\/product_cat?post=44289"},{"taxonomy":"product_tag","embeddable":true,"href":"https:\/\/www.hirtenberg-apotheke.at\/katalog\/wp-json\/wp\/v2\/product_tag?post=44289"}],"curies":[{"name":"wp","href":"https:\/\/api.w.org\/{rel}","templated":true}]}}