{"id":44477,"date":"2025-11-26T09:37:18","date_gmt":"2025-11-26T08:37:18","guid":{"rendered":"https:\/\/www.hirtenberg-apotheke.at\/katalog\/produkt\/dermaplast-active-instant-ice-sofort-kuehlbeutel-15-x-17-cm\/"},"modified":"2025-11-26T09:37:23","modified_gmt":"2025-11-26T08:37:23","slug":"dermaplast-active-instant-ice-sofort-kuehlbeutel-15-x-17-cm","status":"publish","type":"product","link":"https:\/\/www.hirtenberg-apotheke.at\/katalog\/produkt\/dermaplast-active-instant-ice-sofort-kuehlbeutel-15-x-17-cm\/","title":{"rendered":"DermaPlast ACTIVE Instant Ice Sofort-K\u00fchlbeutel 15 x 17 cm"},"content":{"rendered":"<p>Der DermaPlast\u00ae ACTIVE Instant Ice Sofort-K\u00fchlbeutel 15 x 17 cm wirkt k\u00fchlend und schmerzlindernd bei Prellungen, Verstauchungen, Schwellungen oder Zerrungen. Es ist ideal in Erste-Hilfe-Situationen, in der Therapie sowie bei Sportverletzungen, denn ein Griff gen\u00fcgt und der Beutel k\u00fchlt im Akutfall f\u00fcr 30 Minuten die Verletzung.<\/p>\n","protected":false},"excerpt":{"rendered":"<p>Der DermaPlast\u00ae ACTIVE Instant Ice Sofort-K\u00fchlbeutel 15 x 17 cm wirkt k\u00fchlend und schmerzlindernd bei Prellungen, Verstauchungen, Schwellungen oder Zerrungen. Es ist ideal in Erste-Hilfe-Situationen, in der Therapie sowie bei Sportverletzungen, denn ein Griff gen\u00fcgt und der Beutel k\u00fchlt im Akutfall f\u00fcr 30 Minuten die Verletzung.<\/p>\n","protected":false},"featured_media":0,"template":"","meta":{"_acf_changed":false},"product_brand":[],"product_cat":[295],"product_tag":[],"class_list":{"0":"post-44477","1":"product","2":"type-product","3":"status-publish","5":"product_cat-d","6":"pa_packungsgroesse-1-beutel","8":"first","9":"instock","10":"shipping-taxable","11":"purchasable","12":"product-type-simple"},"acf":[],"_links":{"self":[{"href":"https:\/\/www.hirtenberg-apotheke.at\/katalog\/wp-json\/wp\/v2\/product\/44477","targetHints":{"allow":["GET"]}}],"collection":[{"href":"https:\/\/www.hirtenberg-apotheke.at\/katalog\/wp-json\/wp\/v2\/product"}],"about":[{"href":"https:\/\/www.hirtenberg-apotheke.at\/katalog\/wp-json\/wp\/v2\/types\/product"}],"wp:attachment":[{"href":"https:\/\/www.hirtenberg-apotheke.at\/katalog\/wp-json\/wp\/v2\/media?parent=44477"}],"wp:term":[{"taxonomy":"product_brand","embeddable":true,"href":"https:\/\/www.hirtenberg-apotheke.at\/katalog\/wp-json\/wp\/v2\/product_brand?post=44477"},{"taxonomy":"product_cat","embeddable":true,"href":"https:\/\/www.hirtenberg-apotheke.at\/katalog\/wp-json\/wp\/v2\/product_cat?post=44477"},{"taxonomy":"product_tag","embeddable":true,"href":"https:\/\/www.hirtenberg-apotheke.at\/katalog\/wp-json\/wp\/v2\/product_tag?post=44477"}],"curies":[{"name":"wp","href":"https:\/\/api.w.org\/{rel}","templated":true}]}}