{"id":44571,"date":"2025-11-26T09:38:29","date_gmt":"2025-11-26T08:38:29","guid":{"rendered":"https:\/\/www.hirtenberg-apotheke.at\/katalog\/produkt\/rausch-volume-styling-lotion-fresh-150-ml\/"},"modified":"2025-11-26T09:38:59","modified_gmt":"2025-11-26T08:38:59","slug":"rausch-volume-styling-lotion-fresh-150-ml","status":"publish","type":"product","link":"https:\/\/www.hirtenberg-apotheke.at\/katalog\/produkt\/rausch-volume-styling-lotion-fresh-150-ml\/","title":{"rendered":"Rausch Volume Styling Lotion Fresh 150 ml"},"content":{"rendered":"<p>Rausch Volume Styling Lotion 150 ml sch\u00fctzt das Haar vor F\u00f6hnhitze \u2013 mit Anti-Frizz-Effekt und ist perfekt f\u00fcr Ihr individuelles Styling und zum Auffrischen der Frisur. Die hochwertigen Kr\u00e4uter- und Pflanzenextrakte der Schweizer Aronia verleihen Frische und sch\u00fctzt das Haar, Sonnenblume spendet Feuchtigkeit und macht das Haar geschmeidig.<\/p>\n","protected":false},"excerpt":{"rendered":"<p>Rausch Volume Styling Lotion 150 ml sch\u00fctzt das Haar vor F\u00f6hnhitze \u2013 mit Anti-Frizz-Effekt und ist perfekt f\u00fcr Ihr individuelles Styling und zum Auffrischen der Frisur. Die hochwertigen Kr\u00e4uter- und Pflanzenextrakte der Schweizer Aronia verleihen Frische und sch\u00fctzt das Haar, Sonnenblume spendet Feuchtigkeit und macht das Haar geschmeidig.<\/p>\n","protected":false},"featured_media":44573,"template":"","meta":{"_acf_changed":false},"product_brand":[638],"product_cat":[311],"product_tag":[],"class_list":{"0":"post-44571","1":"product","2":"type-product","3":"status-publish","4":"has-post-thumbnail","6":"product_brand-rausch","7":"product_cat-r","8":"pa_packungsgroesse-150ml","10":"first","11":"instock","12":"shipping-taxable","13":"purchasable","14":"product-type-simple"},"acf":[],"_links":{"self":[{"href":"https:\/\/www.hirtenberg-apotheke.at\/katalog\/wp-json\/wp\/v2\/product\/44571","targetHints":{"allow":["GET"]}}],"collection":[{"href":"https:\/\/www.hirtenberg-apotheke.at\/katalog\/wp-json\/wp\/v2\/product"}],"about":[{"href":"https:\/\/www.hirtenberg-apotheke.at\/katalog\/wp-json\/wp\/v2\/types\/product"}],"wp:featuredmedia":[{"embeddable":true,"href":"https:\/\/www.hirtenberg-apotheke.at\/katalog\/wp-json\/wp\/v2\/media\/44573"}],"wp:attachment":[{"href":"https:\/\/www.hirtenberg-apotheke.at\/katalog\/wp-json\/wp\/v2\/media?parent=44571"}],"wp:term":[{"taxonomy":"product_brand","embeddable":true,"href":"https:\/\/www.hirtenberg-apotheke.at\/katalog\/wp-json\/wp\/v2\/product_brand?post=44571"},{"taxonomy":"product_cat","embeddable":true,"href":"https:\/\/www.hirtenberg-apotheke.at\/katalog\/wp-json\/wp\/v2\/product_cat?post=44571"},{"taxonomy":"product_tag","embeddable":true,"href":"https:\/\/www.hirtenberg-apotheke.at\/katalog\/wp-json\/wp\/v2\/product_tag?post=44571"}],"curies":[{"name":"wp","href":"https:\/\/api.w.org\/{rel}","templated":true}]}}