{"id":44583,"date":"2025-11-26T09:39:07","date_gmt":"2025-11-26T08:39:07","guid":{"rendered":"https:\/\/www.hirtenberg-apotheke.at\/katalog\/produkt\/gall-pharma-lavendeloel-kapseln-60-stk\/"},"modified":"2025-11-26T09:39:20","modified_gmt":"2025-11-26T08:39:20","slug":"gall-pharma-lavendeloel-kapseln-60-stk","status":"publish","type":"product","link":"https:\/\/www.hirtenberg-apotheke.at\/katalog\/produkt\/gall-pharma-lavendeloel-kapseln-60-stk\/","title":{"rendered":"Gall Pharma Lavendel\u00f6l Kapseln 60 Stk."},"content":{"rendered":"<p>Der Echte Lavendel (Lavandula angustifolia Mill.), welcher zur Familie der Lippenbl\u00fctengew\u00e4chse (Lamiaceae) z\u00e4hlt, enth\u00e4lt \u00e4therisches \u00d6l, das vorwiegend aus Monoterpenen besteht. Hauptkomponente ist R-Linalylacetat, R-Linalool und ein geringer Anteil Terpinen-4-ol und Lavandulylacetat Aber auch Gerbstoffe (Chlorogens\u00e4ure und Rosmarins\u00e4ure), Flavonoide und Triterpene sind vertreten. Seit dem 16. Jahrhundert ist Lavendel\u00f6l als beruhigendes, nervenst\u00e4rkendes und krampfl\u00f6sendes (spasmolytisches) Mittel bekannt. Unterst\u00fctzung seelischer und k\u00f6rperlicher Ausgeglichenheit: Die Inhaltsstoffe Linalool und Linalylacetat haben beruhigende Eigenschaften und werden gerne bei Unruhe, Ersch\u00f6pfung und Schlafst\u00f6rungen herangezogen.<\/p>\n","protected":false},"excerpt":{"rendered":"<p>Der Echte Lavendel (Lavandula angustifolia Mill.), welcher zur Familie der Lippenbl\u00fctengew\u00e4chse (Lamiaceae) z\u00e4hlt, enth\u00e4lt \u00e4therisches \u00d6l, das vorwiegend aus Monoterpenen besteht. Hauptkomponente ist R-Linalylacetat, R-Linalool und ein geringer Anteil Terpinen-4-ol und Lavandulylacetat Aber auch Gerbstoffe (Chlorogens\u00e4ure und Rosmarins\u00e4ure), Flavonoide und Triterpene sind vertreten. Seit dem 16. Jahrhundert ist Lavendel\u00f6l als beruhigendes, nervenst\u00e4rkendes und krampfl\u00f6sendes (spasmolytisches) [&hellip;]<\/p>\n","protected":false},"featured_media":44585,"template":"","meta":{"_acf_changed":false},"product_brand":[316],"product_cat":[328],"product_tag":[],"class_list":{"0":"post-44583","1":"product","2":"type-product","3":"status-publish","4":"has-post-thumbnail","6":"product_brand-gall-pharma","7":"product_cat-g","8":"pa_packungsgroesse-60-stueck","10":"first","11":"instock","12":"shipping-taxable","13":"purchasable","14":"product-type-simple"},"acf":[],"_links":{"self":[{"href":"https:\/\/www.hirtenberg-apotheke.at\/katalog\/wp-json\/wp\/v2\/product\/44583","targetHints":{"allow":["GET"]}}],"collection":[{"href":"https:\/\/www.hirtenberg-apotheke.at\/katalog\/wp-json\/wp\/v2\/product"}],"about":[{"href":"https:\/\/www.hirtenberg-apotheke.at\/katalog\/wp-json\/wp\/v2\/types\/product"}],"wp:featuredmedia":[{"embeddable":true,"href":"https:\/\/www.hirtenberg-apotheke.at\/katalog\/wp-json\/wp\/v2\/media\/44585"}],"wp:attachment":[{"href":"https:\/\/www.hirtenberg-apotheke.at\/katalog\/wp-json\/wp\/v2\/media?parent=44583"}],"wp:term":[{"taxonomy":"product_brand","embeddable":true,"href":"https:\/\/www.hirtenberg-apotheke.at\/katalog\/wp-json\/wp\/v2\/product_brand?post=44583"},{"taxonomy":"product_cat","embeddable":true,"href":"https:\/\/www.hirtenberg-apotheke.at\/katalog\/wp-json\/wp\/v2\/product_cat?post=44583"},{"taxonomy":"product_tag","embeddable":true,"href":"https:\/\/www.hirtenberg-apotheke.at\/katalog\/wp-json\/wp\/v2\/product_tag?post=44583"}],"curies":[{"name":"wp","href":"https:\/\/api.w.org\/{rel}","templated":true}]}}