{"id":44610,"date":"2025-11-26T09:39:07","date_gmt":"2025-11-26T08:39:07","guid":{"rendered":"https:\/\/www.hirtenberg-apotheke.at\/katalog\/produkt\/doskar-kraeuterwanne-erkaeltungsbad-200-ml\/"},"modified":"2025-11-26T09:39:46","modified_gmt":"2025-11-26T08:39:46","slug":"doskar-kraeuterwanne-erkaeltungsbad-200-ml","status":"publish","type":"product","link":"https:\/\/www.hirtenberg-apotheke.at\/katalog\/produkt\/doskar-kraeuterwanne-erkaeltungsbad-200-ml\/","title":{"rendered":"Doskar Kr\u00e4uterwanne Erk\u00e4ltungsbad 200 ml"},"content":{"rendered":"<p>Doskar Kr\u00e4uterwanne Erk\u00e4ltungsbad 200 ml wirkt lindernd bei Erk\u00e4ltungen und katarrhischen Erkrankungen der Atemwege. Mit wertvollem Lavendel\u00f6l, Eucalyptus\u00f6l, Fichtennadel\u00f6l und Thymian\u00f6l.<\/p>\n","protected":false},"excerpt":{"rendered":"<p>Doskar Kr\u00e4uterwanne Erk\u00e4ltungsbad 200 ml wirkt lindernd bei Erk\u00e4ltungen und katarrhischen Erkrankungen der Atemwege. Mit wertvollem Lavendel\u00f6l, Eucalyptus\u00f6l, Fichtennadel\u00f6l und Thymian\u00f6l.<\/p>\n","protected":false},"featured_media":0,"template":"","meta":{"_acf_changed":false},"product_brand":[423],"product_cat":[295],"product_tag":[],"class_list":{"0":"post-44610","1":"product","2":"type-product","3":"status-publish","5":"product_brand-doskar","6":"product_cat-d","7":"pa_packungsgroesse-200ml","9":"first","10":"instock","11":"shipping-taxable","12":"purchasable","13":"product-type-simple"},"acf":[],"_links":{"self":[{"href":"https:\/\/www.hirtenberg-apotheke.at\/katalog\/wp-json\/wp\/v2\/product\/44610","targetHints":{"allow":["GET"]}}],"collection":[{"href":"https:\/\/www.hirtenberg-apotheke.at\/katalog\/wp-json\/wp\/v2\/product"}],"about":[{"href":"https:\/\/www.hirtenberg-apotheke.at\/katalog\/wp-json\/wp\/v2\/types\/product"}],"wp:attachment":[{"href":"https:\/\/www.hirtenberg-apotheke.at\/katalog\/wp-json\/wp\/v2\/media?parent=44610"}],"wp:term":[{"taxonomy":"product_brand","embeddable":true,"href":"https:\/\/www.hirtenberg-apotheke.at\/katalog\/wp-json\/wp\/v2\/product_brand?post=44610"},{"taxonomy":"product_cat","embeddable":true,"href":"https:\/\/www.hirtenberg-apotheke.at\/katalog\/wp-json\/wp\/v2\/product_cat?post=44610"},{"taxonomy":"product_tag","embeddable":true,"href":"https:\/\/www.hirtenberg-apotheke.at\/katalog\/wp-json\/wp\/v2\/product_tag?post=44610"}],"curies":[{"name":"wp","href":"https:\/\/api.w.org\/{rel}","templated":true}]}}