{"id":44628,"date":"2025-11-26T09:40:02","date_gmt":"2025-11-26T08:40:02","guid":{"rendered":"https:\/\/www.hirtenberg-apotheke.at\/katalog\/produkt\/kinderpflaster-gothaplast-1m-x-6cm-1-stk\/"},"modified":"2025-11-26T09:40:04","modified_gmt":"2025-11-26T08:40:04","slug":"kinderpflaster-gothaplast-1m-x-6cm-1-stk","status":"publish","type":"product","link":"https:\/\/www.hirtenberg-apotheke.at\/katalog\/produkt\/kinderpflaster-gothaplast-1m-x-6cm-1-stk\/","title":{"rendered":"Kinderpflaster Gothaplast 1m x 6cm 1 Stk."},"content":{"rendered":"<p>Kinderpflaster Gothaplast ist ein Trostpflaster f\u00fcr gro\u00dfe und kleine Kinder zur Versorgung allt\u00e4glicher Bagatellverletzungen. Das frei zuschneidbare Pflaster kann bei Verletzungen, die Schmutz oder Feuchtigkeit ausgesetzt sind, angewendet werden. Das Pflaster ist hautvertr\u00e4glich und zuverl\u00e4ssig klebend. Die Wundauflage aus saugf\u00e4higem Vlies verklebt nicht mit der Wunde.<\/p>\n","protected":false},"excerpt":{"rendered":"<p>Kinderpflaster Gothaplast ist ein Trostpflaster f\u00fcr gro\u00dfe und kleine Kinder zur Versorgung allt\u00e4glicher Bagatellverletzungen. Das frei zuschneidbare Pflaster kann bei Verletzungen, die Schmutz oder Feuchtigkeit ausgesetzt sind, angewendet werden. Das Pflaster ist hautvertr\u00e4glich und zuverl\u00e4ssig klebend. Die Wundauflage aus saugf\u00e4higem Vlies verklebt nicht mit der Wunde.<\/p>\n","protected":false},"featured_media":0,"template":"","meta":{"_acf_changed":false},"product_brand":[],"product_cat":[387],"product_tag":[],"class_list":{"0":"post-44628","1":"product","2":"type-product","3":"status-publish","5":"product_cat-k","6":"pa_packungsgroesse-1-stueck","8":"first","9":"instock","10":"shipping-taxable","11":"purchasable","12":"product-type-simple"},"acf":[],"_links":{"self":[{"href":"https:\/\/www.hirtenberg-apotheke.at\/katalog\/wp-json\/wp\/v2\/product\/44628","targetHints":{"allow":["GET"]}}],"collection":[{"href":"https:\/\/www.hirtenberg-apotheke.at\/katalog\/wp-json\/wp\/v2\/product"}],"about":[{"href":"https:\/\/www.hirtenberg-apotheke.at\/katalog\/wp-json\/wp\/v2\/types\/product"}],"wp:attachment":[{"href":"https:\/\/www.hirtenberg-apotheke.at\/katalog\/wp-json\/wp\/v2\/media?parent=44628"}],"wp:term":[{"taxonomy":"product_brand","embeddable":true,"href":"https:\/\/www.hirtenberg-apotheke.at\/katalog\/wp-json\/wp\/v2\/product_brand?post=44628"},{"taxonomy":"product_cat","embeddable":true,"href":"https:\/\/www.hirtenberg-apotheke.at\/katalog\/wp-json\/wp\/v2\/product_cat?post=44628"},{"taxonomy":"product_tag","embeddable":true,"href":"https:\/\/www.hirtenberg-apotheke.at\/katalog\/wp-json\/wp\/v2\/product_tag?post=44628"}],"curies":[{"name":"wp","href":"https:\/\/api.w.org\/{rel}","templated":true}]}}